{"id":1313,"date":"2020-11-26T10:24:32","date_gmt":"2020-11-26T10:24:32","guid":{"rendered":"http:\/\/licznik.org\/?page_id=1313"},"modified":"2020-11-26T10:34:39","modified_gmt":"2020-11-26T10:34:39","slug":"programowanie","status":"publish","type":"page","link":"https:\/\/licznik.org\/?page_id=1313","title":{"rendered":"Programowanie"},"content":{"rendered":"\t\t<div data-elementor-type=\"wp-page\" data-elementor-id=\"1313\" class=\"elementor elementor-1313\" data-elementor-settings=\"[]\">\n\t\t\t\t\t\t<div class=\"elementor-inner\">\n\t\t\t\t\t\t\t<div class=\"elementor-section-wrap\">\n\t\t\t\t\t\t\t<section class=\"elementor-section elementor-top-section elementor-element elementor-element-0a04340 elementor-section-boxed elementor-section-height-default elementor-section-height-default\" data-id=\"0a04340\" data-element_type=\"section\">\n\t\t\t\t\t\t<div class=\"elementor-container elementor-column-gap-default\">\n\t\t\t\t\t\t\t<div class=\"elementor-row\">\n\t\t\t\t\t<div class=\"elementor-column elementor-col-100 elementor-top-column elementor-element elementor-element-2b42a4b\" data-id=\"2b42a4b\" data-element_type=\"column\">\n\t\t\t<div class=\"elementor-column-wrap elementor-element-populated\">\n\t\t\t\t\t\t\t<div class=\"elementor-widget-wrap\">\n\t\t\t\t\t\t<div class=\"elementor-element elementor-element-2f5a452 elementor-widget elementor-widget-spacer\" data-id=\"2f5a452\" data-element_type=\"widget\" data-widget_type=\"spacer.default\">\n\t\t\t\t<div class=\"elementor-widget-container\">\n\t\t\t\t\t<div class=\"elementor-spacer\">\n\t\t\t<div class=\"elementor-spacer-inner\"><\/div>\n\t\t<\/div>\n\t\t\t\t<\/div>\n\t\t\t\t<\/div>\n\t\t\t\t<div class=\"elementor-element elementor-element-29579b3 elementor-widget elementor-widget-premium-addon-blog\" data-id=\"29579b3\" data-element_type=\"widget\" data-widget_type=\"premium-addon-blog.default\">\n\t\t\t\t<div class=\"elementor-widget-container\">\n\t\t\t    <div class=\"premium-blog\">\n                <div class=\"premium-blog-wrap premium-blog-masonry premium-blog-col-3\" data-layout=\"masonry\" data-equal=\"\">\n\n                    <div class=\"premium-blog-post-outer-container\">\n            <div class=\"premium-blog-post-container premium-blog-skin-modern\">\n                                <div class=\"premium-blog-thumb-effect-wrapper\">\n                    <div class=\"premium-blog-thumbnail-container premium-blog-zoomin-effect\">\n                                            <\/div>\n                                            <div class=\"premium-blog-effect-container premium-blog-framed-effect\">\n                            <a class=\"premium-blog-post-link\" href=\"https:\/\/licznik.org\/?p=1094\" target=\"_blank\"><\/a>\n                                                    <\/div>\n                                    <\/div>\n                                                <div class=\"premium-blog-content-wrapper empty-thumb\">\n                    <div class=\"premium-blog-inner-container\">\n                                                <div class=\"premium-blog-format-container\">\n                            <a class=\"premium-blog-format-link\" href=\"https:\/\/licznik.org\/?p=1094\" title=\"\" target=\"_blank\">        <i class=\"premium-blog-format-icon fa fa-thumb-tack\"><\/i>\n    <\/a>\n                        <\/div>\n                                                <div class=\"premium-blog-entry-container\">\n                                    \n        <h2 class=\"premium-blog-entry-title\">\n            <a href=\"https:\/\/licznik.org\/?p=1094\" target=\"_blank\">\n                PROGRAMOWANIE I NAPRAWA MODU\u0141\u00d3W SAMOCHODOWYCH , ABS ESC ,BSI,UCH,SAM,KOMFORT            <\/a>\n        <\/h2>\n        \n            \n        <div class=\"premium-blog-entry-meta\" style=\"\">\n        \n            \n                            <span class=\"premium-blog-meta-separator\">|<\/span>\n                <span class=\"premium-blog-post-time premium-blog-meta-data\">\n                    <i class=\"fa fa-calendar fa-fw\"><\/i>\n                    <span>21 listopada, 2020<\/span>\n                <\/span>\n            \n                            <span class=\"premium-blog-meta-separator\">|<\/span>\n                <span class=\"premium-blog-post-categories premium-blog-meta-data\">\n                    <i class=\"fa fa-align-left fa-fw\"><\/i>\n                    <a href=\"https:\/\/licznik.org\/?cat=1\" rel=\"category\">Uncategorized<\/a>                <\/span>\n            \n                    <\/div>\n        \n    \n                        <\/div>\n                    <\/div>\n\n                            <div class=\"premium-blog-post-content\" style=\"\">\n                    <\/div>\n                        \n                                    <\/div>\n            <\/div>\n        <\/div>\n\n            <div class=\"premium-blog-post-outer-container\">\n            <div class=\"premium-blog-post-container premium-blog-skin-modern\">\n                                <div class=\"premium-blog-thumb-effect-wrapper\">\n                    <div class=\"premium-blog-thumbnail-container premium-blog-zoomin-effect\">\n                                            <\/div>\n                                            <div class=\"premium-blog-effect-container premium-blog-framed-effect\">\n                            <a class=\"premium-blog-post-link\" href=\"https:\/\/licznik.org\/?p=1092\" target=\"_blank\"><\/a>\n                                                    <\/div>\n                                    <\/div>\n                                                <div class=\"premium-blog-content-wrapper empty-thumb\">\n                    <div class=\"premium-blog-inner-container\">\n                                                <div class=\"premium-blog-format-container\">\n                            <a class=\"premium-blog-format-link\" href=\"https:\/\/licznik.org\/?p=1092\" title=\"\" target=\"_blank\">        <i class=\"premium-blog-format-icon fa fa-thumb-tack\"><\/i>\n    <\/a>\n                        <\/div>\n                                                <div class=\"premium-blog-entry-container\">\n                                    \n        <h2 class=\"premium-blog-entry-title premium-blog-entry-title\">\n            <a href=\"https:\/\/licznik.org\/?p=1092\" target=\"_blank\">\n                PROGRAMOWANIE I NAPRAWA LICZNIK\u00d3W SAMOCHODOWYCH ,TRAKTOR\u00d3W ROLNICZYCH            <\/a>\n        <\/h2>\n        \n            \n        <div class=\"premium-blog-entry-meta\" style=\"\">\n        \n            \n                            <span class=\"premium-blog-meta-separator\">|<\/span>\n                <span class=\"premium-blog-post-time premium-blog-meta-data\">\n                    <i class=\"fa fa-calendar fa-fw\"><\/i>\n                    <span>21 listopada, 2020<\/span>\n                <\/span>\n            \n                            <span class=\"premium-blog-meta-separator\">|<\/span>\n                <span class=\"premium-blog-post-categories premium-blog-meta-data\">\n                    <i class=\"fa fa-align-left fa-fw\"><\/i>\n                    <a href=\"https:\/\/licznik.org\/?cat=1\" rel=\"category\">Uncategorized<\/a>                <\/span>\n            \n                    <\/div>\n        \n    \n                        <\/div>\n                    <\/div>\n\n                            <div class=\"premium-blog-post-content\" style=\"\">\n                    <\/div>\n                        \n                                    <\/div>\n            <\/div>\n        <\/div>\n\n            <div class=\"premium-blog-post-outer-container\">\n            <div class=\"premium-blog-post-container premium-blog-skin-modern\">\n                                <div class=\"premium-blog-thumb-effect-wrapper\">\n                    <div class=\"premium-blog-thumbnail-container premium-blog-zoomin-effect\">\n                                            <\/div>\n                                            <div class=\"premium-blog-effect-container premium-blog-framed-effect\">\n                            <a class=\"premium-blog-post-link\" href=\"https:\/\/licznik.org\/?p=1090\" target=\"_blank\"><\/a>\n                                                    <\/div>\n                                    <\/div>\n                                                <div class=\"premium-blog-content-wrapper empty-thumb\">\n                    <div class=\"premium-blog-inner-container\">\n                                                <div class=\"premium-blog-format-container\">\n                            <a class=\"premium-blog-format-link\" href=\"https:\/\/licznik.org\/?p=1090\" title=\"\" target=\"_blank\">        <i class=\"premium-blog-format-icon fa fa-thumb-tack\"><\/i>\n    <\/a>\n                        <\/div>\n                                                <div class=\"premium-blog-entry-container\">\n                                    \n        <h2 class=\"premium-blog-entry-title premium-blog-entry-title premium-blog-entry-title\">\n            <a href=\"https:\/\/licznik.org\/?p=1090\" target=\"_blank\">\n                PROGRAMOWANIE KLONOWANIE I NAPRAWA KOMPUTER\u00d3W SAMOCHODOWYCH ,TRAKTOR\u00d3W ROLNICZYCH            <\/a>\n        <\/h2>\n        \n            \n        <div class=\"premium-blog-entry-meta\" style=\"\">\n        \n            \n                            <span class=\"premium-blog-meta-separator\">|<\/span>\n                <span class=\"premium-blog-post-time premium-blog-meta-data\">\n                    <i class=\"fa fa-calendar fa-fw\"><\/i>\n                    <span>21 listopada, 2020<\/span>\n                <\/span>\n            \n                            <span class=\"premium-blog-meta-separator\">|<\/span>\n                <span class=\"premium-blog-post-categories premium-blog-meta-data\">\n                    <i class=\"fa fa-align-left fa-fw\"><\/i>\n                    <a href=\"https:\/\/licznik.org\/?cat=1\" rel=\"category\">Uncategorized<\/a>                <\/span>\n            \n                    <\/div>\n        \n    \n                        <\/div>\n                    <\/div>\n\n                            <div class=\"premium-blog-post-content\" style=\"\">\n                    <\/div>\n                        \n                                    <\/div>\n            <\/div>\n        <\/div>\n\n            <\/div>\n    <\/div>\n    \t\t<\/div>\n\t\t\t\t<\/div>\n\t\t\t\t\t\t<\/div>\n\t\t\t\t\t<\/div>\n\t\t<\/div>\n\t\t\t\t\t\t\t\t<\/div>\n\t\t\t\t\t<\/div>\n\t\t<\/section>\n\t\t\t\t\t\t<\/div>\n\t\t\t\t\t\t<\/div>\n\t\t\t\t\t<\/div>\n\t\t","protected":false},"excerpt":{"rendered":"<p>PROGRAMOWANIE I NAPRAWA POMP ABS ESC | 23 listopada, 2020 | Programowanie PROGRAMOWANIE I NAPRAWA MODU\u0141\u00d3W SAMOCHODOWYCH ,TRAKTOR\u00d3W ROLNICZYCH |&hellip;<\/p>\n","protected":false},"author":1,"featured_media":0,"parent":0,"menu_order":0,"comment_status":"closed","ping_status":"closed","template":"elementor_header_footer","meta":[],"_links":{"self":[{"href":"https:\/\/licznik.org\/index.php?rest_route=\/wp\/v2\/pages\/1313"}],"collection":[{"href":"https:\/\/licznik.org\/index.php?rest_route=\/wp\/v2\/pages"}],"about":[{"href":"https:\/\/licznik.org\/index.php?rest_route=\/wp\/v2\/types\/page"}],"author":[{"embeddable":true,"href":"https:\/\/licznik.org\/index.php?rest_route=\/wp\/v2\/users\/1"}],"replies":[{"embeddable":true,"href":"https:\/\/licznik.org\/index.php?rest_route=%2Fwp%2Fv2%2Fcomments&post=1313"}],"version-history":[{"count":3,"href":"https:\/\/licznik.org\/index.php?rest_route=\/wp\/v2\/pages\/1313\/revisions"}],"predecessor-version":[{"id":1319,"href":"https:\/\/licznik.org\/index.php?rest_route=\/wp\/v2\/pages\/1313\/revisions\/1319"}],"wp:attachment":[{"href":"https:\/\/licznik.org\/index.php?rest_route=%2Fwp%2Fv2%2Fmedia&parent=1313"}],"curies":[{"name":"wp","href":"https:\/\/api.w.org\/{rel}","templated":true}]}}