{"id":1444,"date":"2021-07-13T12:50:31","date_gmt":"2021-07-13T12:50:31","guid":{"rendered":"http:\/\/licznik.org\/?page_id=1444"},"modified":"2021-07-13T12:54:56","modified_gmt":"2021-07-13T12:54:56","slug":"regulamin","status":"publish","type":"page","link":"https:\/\/licznik.org\/?page_id=1444","title":{"rendered":"Regulamin"},"content":{"rendered":"\n<p>REGULAMIN I ZASADY FIRMY ANIMEX &#8211; servis<\/p>\n\n\n\n<ol><li>0 Firmie Firma ANIMEX &#8211; SERvIS zajmuje si\u0119 Profesjonalnie napraw\u0105 elektroniki samochodowej<br>Firma posiada Profesjonalny Warsztat samochowy oraz Profesjonane Laboratorium do naprawy<br>modu\u0142\u00f3w elektronicznych<\/li><li>jako\u015b\u0107 i profesjonalizm a. ka\u017cdy modu\u0142 elektroniczny jest naprawiany na profesjonalnym stanowisku naprawczym<br>b. diagnostyka tylko orginalnymi testerami diagnostycznymi co eliminuje z\u0142\u0105 ocen\u0119 usterki w danym aucie ( lub w module do naprawy)<br>c. do naprawy u\u017cywamy orginalnych element\u00f3w ,podzespo\u0142ow , i zespo\u0142\u00f3w naprawczych<br>d. po naprawie kazdy modu\u0142 jest testowany pod k\u0105tem diagnostycznym i poprawno\u015bci dzia\u0142ania<br>e. po naprawie modu\u0142u , modu\u0142 jest zakodowany pod dane auto i nie wymaga nowego doprogramowania do auta po stronie klienta<\/li><li>Elektronika samochodowa naprawiana jest na dwa sposoby ; a. na miejscu w siedzibie firmy po dostarczeniu auta &#8211; (okre\u015blona konieczno\u015b\u0107 dost\u0119pu do auta klienta )<br>b. za pomoc\u0105 wysy\u0142ki pocztowej ( dotyczy NAPRAWY modu\u0142\u00f3w elektonicznych)<\/li><li>Jezeli naprawa modu\u0142u elektronicznego, jest prowadzona za pomoca wysy\u0142ki ,to zleceniodawca jest zobowiazany dostarczy\u0107 wraz z przesy\u0142k\u0105 , dokument tak zwane ZLECENIE NAPRAWY W kt\u00f3rym musi by\u0107 zawarta nast\u0119puj\u0105ca informacja : A.Kompletne dane FIRMY z NIP-em do rachunku -(faktura bez VAT) , ( us\u0142ugi wykonujemy tylko Firmom .B. Kompletne dane do odsy\u0142ki<br>C. typ,model,rocznik auta z kt\u00f3rego pochodzi oddany modu\u0142 do naprawy.D.dok\u0142adny i szczeg\u00f3\u0142owy opis usterki .E. kody b\u0142ed\u00f3w zrobione testerem diagnostycznym<br>( kody b\u0142\u0119dow potrzebne s\u0105 przewaznie w okre\u015bleniu zakresu naprawy modu\u0142u elektronicznego co jest i bedzie przedmiotem udzielanej gwarancji a niekiedy potrzebne do reklamacji jako dow\u00f3d co by\u0142o naprawiane, w trosce o interes klienta)<br>F.podany kontakt telefoniczny .G. podany adres email. (ca\u0142a naprawa jest na biez\u0105co monitorowana i klient jest dok\u0142adnie inforowany co jest przedmiotem naprawy i to klient podejmuje decyzj\u0119 co do<br>koszt\u00f3w naprawy .<\/li><li>koszty a.diagnostyka modu\u0142u elektronicznego to koszt od 100 do 250 z\u0142 w przypadku rezygnacji z naprawy lub jak stwierdzimy ze modu\u0142 lub auto jest sprawne techniczne b.okreslenie koszt\u00f3w naprawy to koszt od 100 z\u0142 do 500 i zale\u017cy od rodzaju modu\u0142u I RODZAJU USTERKI( dany modu\u0142 elektroniczny jest wstepnie lub ca\u0142o\u015bciowo naprawiony) a klient jest poinformowany<br>emailem lub sms o kosztach) c. w przypadku rezygnacji z naprawy zpowrotem wracamy do stanu w jakim modu\u0142 otrzymalismy do naprawy i pobieramy uzgodniona z klientem ( emailem), kwote za okreslenie wycen\u0119 koszt\u00f3w naprawy<\/li><li>gwarancja<br>.<br>a. Na wymienione cz\u0119sci lub czynno\u015bci naprawcze firma udziela od 1 do 12 miesi\u0119cy gwarancji w zalezno\u015bci od rodzaju us\u0142ugi jak i decyzji klienta ( klient wybiera opcj\u0119 cenowa i gwarancyjn\u0105)<br>b. w przypadku ca\u0142ych podzespo\u0142ow 6 miesiecy<br>c. w przypadku kompletnych zespo\u0142ow 12 miesi\u0119cy 7.przesy\u0142ka a.odsy\u0142ki tylko i wy\u0142\u0105czne kurierem Pocztex na koszt odbiorcy ( bez pobrania 41zl z pobraniem 50zl) 8 .decyzja<br>aa<br>a. wysy\u0142aj\u0105c modu\u0142 do naprawy kliet akceptuje zasady regulaminu jaki obowi\u0105zuje w firmie animex- servis odnosnie naprawy za pomoc\u0105 wysy\u0142ki<\/li><li>adres ANIMEX-SERVIS<br>73-110 STARGARD<br>UL NIEPODLEG\u0141O\u015a\u0106I 49 TEL 602 45 98 55 CZYNNE OD 8 DO 16 z powazaniem zesp\u00f3\u0142 ANIMEX &#8211; SERVIS .<\/li><\/ol>\n","protected":false},"excerpt":{"rendered":"<p>REGULAMIN I ZASADY FIRMY ANIMEX &#8211; servis 0 Firmie Firma ANIMEX &#8211; SERvIS zajmuje si\u0119 Profesjonalnie napraw\u0105 elektroniki samochodowejFirma posiada&hellip;<\/p>\n","protected":false},"author":1,"featured_media":0,"parent":0,"menu_order":0,"comment_status":"closed","ping_status":"closed","template":"elementor_header_footer","meta":[],"_links":{"self":[{"href":"https:\/\/licznik.org\/index.php?rest_route=\/wp\/v2\/pages\/1444"}],"collection":[{"href":"https:\/\/licznik.org\/index.php?rest_route=\/wp\/v2\/pages"}],"about":[{"href":"https:\/\/licznik.org\/index.php?rest_route=\/wp\/v2\/types\/page"}],"author":[{"embeddable":true,"href":"https:\/\/licznik.org\/index.php?rest_route=\/wp\/v2\/users\/1"}],"replies":[{"embeddable":true,"href":"https:\/\/licznik.org\/index.php?rest_route=%2Fwp%2Fv2%2Fcomments&post=1444"}],"version-history":[{"count":3,"href":"https:\/\/licznik.org\/index.php?rest_route=\/wp\/v2\/pages\/1444\/revisions"}],"predecessor-version":[{"id":1448,"href":"https:\/\/licznik.org\/index.php?rest_route=\/wp\/v2\/pages\/1444\/revisions\/1448"}],"wp:attachment":[{"href":"https:\/\/licznik.org\/index.php?rest_route=%2Fwp%2Fv2%2Fmedia&parent=1444"}],"curies":[{"name":"wp","href":"https:\/\/api.w.org\/{rel}","templated":true}]}}