{"id":40,"date":"2019-04-18T11:09:40","date_gmt":"2019-04-18T11:09:40","guid":{"rendered":"https:\/\/envothemes.com\/envo-ecommerce\/?page_id=40"},"modified":"2020-11-21T20:43:12","modified_gmt":"2020-11-21T20:43:12","slug":"home","status":"publish","type":"page","link":"https:\/\/licznik.org\/?page_id=40","title":{"rendered":"Strona g\u0142\u00f3wna"},"content":{"rendered":"\t\t<div data-elementor-type=\"wp-post\" data-elementor-id=\"40\" class=\"elementor elementor-40\" data-elementor-settings=\"[]\">\n\t\t\t\t\t\t<div class=\"elementor-inner\">\n\t\t\t\t\t\t\t<div class=\"elementor-section-wrap\">\n\t\t\t\t\t\t\t<section class=\"elementor-section elementor-top-section elementor-element elementor-element-2b62032 elementor-section-boxed elementor-section-height-default elementor-section-height-default elementor-invisible\" data-id=\"2b62032\" data-element_type=\"section\" data-settings=\"{&quot;animation&quot;:&quot;fadeInUp&quot;}\">\n\t\t\t\t\t\t\t<div class=\"elementor-background-overlay\"><\/div>\n\t\t\t\t\t\t\t<div class=\"elementor-container elementor-column-gap-default\">\n\t\t\t\t\t\t\t<div class=\"elementor-row\">\n\t\t\t\t\t<div class=\"elementor-column elementor-col-50 elementor-top-column elementor-element elementor-element-db792ca\" data-id=\"db792ca\" data-element_type=\"column\">\n\t\t\t<div class=\"elementor-column-wrap elementor-element-populated\">\n\t\t\t\t\t\t\t<div class=\"elementor-widget-wrap\">\n\t\t\t\t\t\t<div class=\"elementor-element elementor-element-abd6d05 elementor-widget elementor-widget-spacer\" data-id=\"abd6d05\" data-element_type=\"widget\" data-widget_type=\"spacer.default\">\n\t\t\t\t<div class=\"elementor-widget-container\">\n\t\t\t\t\t<div class=\"elementor-spacer\">\n\t\t\t<div class=\"elementor-spacer-inner\"><\/div>\n\t\t<\/div>\n\t\t\t\t<\/div>\n\t\t\t\t<\/div>\n\t\t\t\t<div class=\"elementor-element elementor-element-98ee909 elementor-position-top elementor-vertical-align-top elementor-widget elementor-widget-image-box\" data-id=\"98ee909\" data-element_type=\"widget\" data-widget_type=\"image-box.default\">\n\t\t\t\t<div class=\"elementor-widget-container\">\n\t\t\t<div class=\"elementor-image-box-wrapper\"><figure class=\"elementor-image-box-img\"><a href=\"https:\/\/licznik.org\/?page_id=221\"><img width=\"1000\" height=\"667\" src=\"https:\/\/licznik.org\/wp-content\/uploads\/2020\/10\/AdobeStock_249582948_Preview.jpeg\" class=\"attachment-1536x1536 size-1536x1536\" alt=\"\" loading=\"lazy\" srcset=\"https:\/\/licznik.org\/wp-content\/uploads\/2020\/10\/AdobeStock_249582948_Preview.jpeg 1000w, https:\/\/licznik.org\/wp-content\/uploads\/2020\/10\/AdobeStock_249582948_Preview-300x200.jpeg 300w, https:\/\/licznik.org\/wp-content\/uploads\/2020\/10\/AdobeStock_249582948_Preview-600x400.jpeg 600w, https:\/\/licznik.org\/wp-content\/uploads\/2020\/10\/AdobeStock_249582948_Preview-768x512.jpeg 768w\" sizes=\"(max-width: 1000px) 100vw, 1000px\" \/><\/a><\/figure><div class=\"elementor-image-box-content\"><h3 class=\"elementor-image-box-title\"><a href=\"https:\/\/licznik.org\/?page_id=221\">Naprawa cz\u0119\u015bci<\/a><\/h3><p class=\"elementor-image-box-description\">W chwili obecnej zajmujemy si\u0119 g\u0142\u00f3wnie elektonik\u0105 samochodow\u0105. Wszystkie czynno\u015bci zwi\u0105zane z t\u0105 bran\u017c\u0105 wykonujemy z zachowaniem najwy\u017cszej staranno\u015bci i dok\u0142adno\u015bci. Posiadamy najnowocze\u015bniejsze testery i urz\u0105dzenie do diagnostyki samochodowej.<\/p><\/div><\/div>\t\t<\/div>\n\t\t\t\t<\/div>\n\t\t\t\t\t\t<\/div>\n\t\t\t\t\t<\/div>\n\t\t<\/div>\n\t\t\t\t<div class=\"elementor-column elementor-col-50 elementor-top-column elementor-element elementor-element-54f40ff\" data-id=\"54f40ff\" data-element_type=\"column\">\n\t\t\t<div class=\"elementor-column-wrap elementor-element-populated\">\n\t\t\t\t\t\t\t<div class=\"elementor-widget-wrap\">\n\t\t\t\t\t\t<div class=\"elementor-element elementor-element-a44f037 elementor-widget elementor-widget-spacer\" data-id=\"a44f037\" data-element_type=\"widget\" data-widget_type=\"spacer.default\">\n\t\t\t\t<div class=\"elementor-widget-container\">\n\t\t\t\t\t<div class=\"elementor-spacer\">\n\t\t\t<div class=\"elementor-spacer-inner\"><\/div>\n\t\t<\/div>\n\t\t\t\t<\/div>\n\t\t\t\t<\/div>\n\t\t\t\t<div class=\"elementor-element elementor-element-c29fa99 elementor-position-top elementor-vertical-align-top elementor-widget elementor-widget-image-box\" data-id=\"c29fa99\" data-element_type=\"widget\" data-widget_type=\"image-box.default\">\n\t\t\t\t<div class=\"elementor-widget-container\">\n\t\t\t<div class=\"elementor-image-box-wrapper\"><figure class=\"elementor-image-box-img\"><a href=\"https:\/\/licznik.org\/?product_cat=czesci\"><img width=\"1000\" height=\"667\" src=\"https:\/\/licznik.org\/wp-content\/uploads\/2020\/10\/AdobeStock_259792654_Preview.jpeg\" class=\"attachment-1536x1536 size-1536x1536\" alt=\"\" loading=\"lazy\" srcset=\"https:\/\/licznik.org\/wp-content\/uploads\/2020\/10\/AdobeStock_259792654_Preview.jpeg 1000w, https:\/\/licznik.org\/wp-content\/uploads\/2020\/10\/AdobeStock_259792654_Preview-300x200.jpeg 300w, https:\/\/licznik.org\/wp-content\/uploads\/2020\/10\/AdobeStock_259792654_Preview-600x400.jpeg 600w, https:\/\/licznik.org\/wp-content\/uploads\/2020\/10\/AdobeStock_259792654_Preview-768x512.jpeg 768w\" sizes=\"(max-width: 1000px) 100vw, 1000px\" \/><\/a><\/figure><div class=\"elementor-image-box-content\"><h3 class=\"elementor-image-box-title\"><a href=\"https:\/\/licznik.org\/?product_cat=czesci\">Sprzeda\u017c cz\u0119\u015bci<\/a><\/h3><p class=\"elementor-image-box-description\">Zapraszamy do sklepu internetowego, w kt\u00f3rym w \u0142atwy spos\u00f3b zakupisz podzesp\u00f3\u0142 elektroniczny do swjego modelu auta.<\/p><\/div><\/div>\t\t<\/div>\n\t\t\t\t<\/div>\n\t\t\t\t\t\t<\/div>\n\t\t\t\t\t<\/div>\n\t\t<\/div>\n\t\t\t\t\t\t\t\t<\/div>\n\t\t\t\t\t<\/div>\n\t\t<\/section>\n\t\t\t\t<section class=\"elementor-section elementor-top-section elementor-element elementor-element-243e9c01 elementor-section-boxed elementor-section-height-default elementor-section-height-default\" data-id=\"243e9c01\" data-element_type=\"section\" data-settings=\"{&quot;background_background&quot;:&quot;classic&quot;}\">\n\t\t\t\t\t\t\t<div class=\"elementor-background-overlay\"><\/div>\n\t\t\t\t\t\t\t<div class=\"elementor-container elementor-column-gap-default\">\n\t\t\t\t\t\t\t<div class=\"elementor-row\">\n\t\t\t\t\t\t\t\t\t<\/div>\n\t\t\t\t\t<\/div>\n\t\t<\/section>\n\t\t\t\t\t\t<\/div>\n\t\t\t\t\t\t<\/div>\n\t\t\t\t\t<\/div>\n\t\t","protected":false},"excerpt":{"rendered":"<p>Naprawa cz\u0119\u015bci W chwili obecnej zajmujemy si\u0119 g\u0142\u00f3wnie elektonik\u0105 samochodow\u0105. Wszystkie czynno\u015bci zwi\u0105zane z t\u0105 bran\u017c\u0105 wykonujemy z zachowaniem najwy\u017cszej&hellip;<\/p>\n","protected":false},"author":1,"featured_media":0,"parent":0,"menu_order":0,"comment_status":"closed","ping_status":"closed","template":"template-parts\/template-page-builders.php","meta":[],"_links":{"self":[{"href":"https:\/\/licznik.org\/index.php?rest_route=\/wp\/v2\/pages\/40"}],"collection":[{"href":"https:\/\/licznik.org\/index.php?rest_route=\/wp\/v2\/pages"}],"about":[{"href":"https:\/\/licznik.org\/index.php?rest_route=\/wp\/v2\/types\/page"}],"author":[{"embeddable":true,"href":"https:\/\/licznik.org\/index.php?rest_route=\/wp\/v2\/users\/1"}],"replies":[{"embeddable":true,"href":"https:\/\/licznik.org\/index.php?rest_route=%2Fwp%2Fv2%2Fcomments&post=40"}],"version-history":[{"count":20,"href":"https:\/\/licznik.org\/index.php?rest_route=\/wp\/v2\/pages\/40\/revisions"}],"predecessor-version":[{"id":1083,"href":"https:\/\/licznik.org\/index.php?rest_route=\/wp\/v2\/pages\/40\/revisions\/1083"}],"wp:attachment":[{"href":"https:\/\/licznik.org\/index.php?rest_route=%2Fwp%2Fv2%2Fmedia&parent=40"}],"curies":[{"name":"wp","href":"https:\/\/api.w.org\/{rel}","templated":true}]}}