{"id":53,"date":"2019-04-18T11:16:34","date_gmt":"2019-04-18T11:16:34","guid":{"rendered":"https:\/\/envothemes.com\/envo-ecommerce\/?page_id=53"},"modified":"2020-11-20T17:31:44","modified_gmt":"2020-11-20T17:31:44","slug":"about-us","status":"publish","type":"page","link":"https:\/\/licznik.org\/?page_id=53","title":{"rendered":"O firmie"},"content":{"rendered":"\t\t<div data-elementor-type=\"wp-post\" data-elementor-id=\"53\" class=\"elementor elementor-53\" data-elementor-settings=\"[]\">\n\t\t\t\t\t\t<div class=\"elementor-inner\">\n\t\t\t\t\t\t\t<div class=\"elementor-section-wrap\">\n\t\t\t\t\t\t\t<section class=\"elementor-section elementor-top-section elementor-element elementor-element-17aeb729 elementor-section-content-middle elementor-section-boxed elementor-section-height-default elementor-section-height-default\" data-id=\"17aeb729\" data-element_type=\"section\">\n\t\t\t\t\t\t<div class=\"elementor-container elementor-column-gap-no\">\n\t\t\t\t\t\t\t<div class=\"elementor-row\">\n\t\t\t\t\t<div class=\"elementor-column elementor-col-100 elementor-top-column elementor-element elementor-element-6e4002a8\" data-id=\"6e4002a8\" data-element_type=\"column\">\n\t\t\t<div class=\"elementor-column-wrap elementor-element-populated\">\n\t\t\t\t\t\t\t<div class=\"elementor-widget-wrap\">\n\t\t\t\t\t\t<div class=\"elementor-element elementor-element-1b9cd10d elementor-widget elementor-widget-heading\" data-id=\"1b9cd10d\" data-element_type=\"widget\" data-widget_type=\"heading.default\">\n\t\t\t\t<div class=\"elementor-widget-container\">\n\t\t\t<h4 class=\"elementor-heading-title elementor-size-default\">Nasza firma istnieje ju\u017c od 1986r. Mieli\u015bmy wi\u0119c czas na zg\u0142\u0119bianie tajnik\u00f3w szeroko poj\u0119tej elektroniki.<\/h4>\t\t<\/div>\n\t\t\t\t<\/div>\n\t\t\t\t<div class=\"elementor-element elementor-element-47b503f3 elementor-widget elementor-widget-text-editor\" data-id=\"47b503f3\" data-element_type=\"widget\" data-widget_type=\"text-editor.default\">\n\t\t\t\t<div class=\"elementor-widget-container\">\n\t\t\t\t\t<div class=\"elementor-text-editor elementor-clearfix\"><blockquote>Przez ten d\u0142ugi czas \u015bledzili\u015bmy trendy na rynku elektroniki po to, aby sprosta\u0107 coraz to bardziej wymagaj\u0105cym potrzebom naszych klient\u00f3w. W chwili obecnej zajmujemy si\u0119 g\u0142\u00f3wnie elektonik\u0105 samochodow\u0105. Wszystkie czynno\u015bci zwi\u0105zane z t\u0105 bran\u017c\u0105 wykonujemy z zachowaniem najwy\u017cszej staranno\u015bci i dok\u0142adno\u015bci. Posiadamy najnowocze\u015bniejsze testery i urz\u0105dzenie do diagnostyki samochodowej.<\/blockquote><\/div>\n\t\t\t\t<\/div>\n\t\t\t\t<\/div>\n\t\t\t\t\t\t<\/div>\n\t\t\t\t\t<\/div>\n\t\t<\/div>\n\t\t\t\t\t\t\t\t<\/div>\n\t\t\t\t\t<\/div>\n\t\t<\/section>\n\t\t\t\t\t\t<\/div>\n\t\t\t\t\t\t<\/div>\n\t\t\t\t\t<\/div>\n\t\t","protected":false},"excerpt":{"rendered":"<p>Nasza firma istnieje ju\u017c od 1986r. Mieli\u015bmy wi\u0119c czas na zg\u0142\u0119bianie tajnik\u00f3w szeroko poj\u0119tej elektroniki. Przez ten d\u0142ugi czas \u015bledzili\u015bmy&hellip;<\/p>\n","protected":false},"author":1,"featured_media":0,"parent":0,"menu_order":0,"comment_status":"closed","ping_status":"closed","template":"template-parts\/template-page-builders.php","meta":[],"_links":{"self":[{"href":"https:\/\/licznik.org\/index.php?rest_route=\/wp\/v2\/pages\/53"}],"collection":[{"href":"https:\/\/licznik.org\/index.php?rest_route=\/wp\/v2\/pages"}],"about":[{"href":"https:\/\/licznik.org\/index.php?rest_route=\/wp\/v2\/types\/page"}],"author":[{"embeddable":true,"href":"https:\/\/licznik.org\/index.php?rest_route=\/wp\/v2\/users\/1"}],"replies":[{"embeddable":true,"href":"https:\/\/licznik.org\/index.php?rest_route=%2Fwp%2Fv2%2Fcomments&post=53"}],"version-history":[{"count":12,"href":"https:\/\/licznik.org\/index.php?rest_route=\/wp\/v2\/pages\/53\/revisions"}],"predecessor-version":[{"id":1075,"href":"https:\/\/licznik.org\/index.php?rest_route=\/wp\/v2\/pages\/53\/revisions\/1075"}],"wp:attachment":[{"href":"https:\/\/licznik.org\/index.php?rest_route=%2Fwp%2Fv2%2Fmedia&parent=53"}],"curies":[{"name":"wp","href":"https:\/\/api.w.org\/{rel}","templated":true}]}}