{"id":1014,"date":"2020-11-18T23:05:30","date_gmt":"2020-11-18T23:05:30","guid":{"rendered":"http:\/\/licznik.org\/?post_type=product&#038;p=1014"},"modified":"2020-11-19T17:47:06","modified_gmt":"2020-11-19T17:47:06","slug":"blokada-rygiel-audi-a6-c6-q7-naprawa","status":"publish","type":"product","link":"https:\/\/licznik.org\/?product=blokada-rygiel-audi-a6-c6-q7-naprawa","title":{"rendered":"BLOKADA Rygiel  AUDI A6 C6 Q7 Naprawa"},"content":{"rendered":"<p>Blokada Kierownicy Audi A6 C6 naprawa<\/p>\n<p>gwarancja dozywotnia na a6 c6. NIEMA SENSU WYMIENIA\u0106 MIKROW\u0141\u0104CZNIK\u00d3W PRZEKAZNIK\u00d3W KT\u00d3RE WOG\u00d3LE SI\u0118 NIEPSUJ\u0104 ANI SILNICZK\u00d3W BO SI\u0118 PSUJ\u0104 .MOJA FIRMA PROPONUJE WYPROGRAMOWANIE WSZYSTKICH W\/W CZ\u0118SCI MECHANICZNYCH I BLOKADA BEDZIE POD TYM K\u0104TEM USZKODZE\u0143 DZIA\u0141A\u0141A WIECZNIE .OFERTA dotyczy naprawy blokady kierownicy Audi . Objawy takie jak brak mozliwo\u015bci uruchomienia auta.po wykasowaniu b\u0142\u0119d\u00f3w testerem auto mozna uruchomi\u0107 a po jakims czasie usterka spowrotem si\u0119 powtarza.<\/p>\n","protected":false},"excerpt":{"rendered":"<p>Blokada Kierownicy Audi A6 C6 naprawa gwarancja dozywotnia na a6 c6. NIEMA SENSU WYMIENIA\u0106 MIKROW\u0141\u0104CZNIK\u00d3W PRZEKAZNIK\u00d3W KT\u00d3RE WOG\u00d3LE SI\u0118 NIEPSUJ\u0104&hellip;<\/p>\n","protected":false},"featured_media":1019,"template":"","meta":[],"_links":{"self":[{"href":"https:\/\/licznik.org\/index.php?rest_route=\/wp\/v2\/product\/1014"}],"collection":[{"href":"https:\/\/licznik.org\/index.php?rest_route=\/wp\/v2\/product"}],"about":[{"href":"https:\/\/licznik.org\/index.php?rest_route=\/wp\/v2\/types\/product"}],"wp:featuredmedia":[{"embeddable":true,"href":"https:\/\/licznik.org\/index.php?rest_route=\/wp\/v2\/media\/1019"}],"wp:attachment":[{"href":"https:\/\/licznik.org\/index.php?rest_route=%2Fwp%2Fv2%2Fmedia&parent=1014"}],"curies":[{"name":"wp","href":"https:\/\/api.w.org\/{rel}","templated":true}]}}