{"id":1192,"date":"2020-11-22T13:58:06","date_gmt":"2020-11-22T13:58:06","guid":{"rendered":"http:\/\/licznik.org\/?post_type=product&#038;p=1192"},"modified":"2020-11-22T14:33:02","modified_gmt":"2020-11-22T14:33:02","slug":"pompa-abs-esc-dodge-naprawa-i-kodowanie","status":"publish","type":"product","link":"https:\/\/licznik.org\/?product=pompa-abs-esc-dodge-naprawa-i-kodowanie","title":{"rendered":"Pompa ABS ESC Dodge Durango Naprawa i Kodowanie"},"content":{"rendered":"<p>NAPRAWA\u00a0 I\u00a0 KODOWANIE pomp abs Dodge<\/p>\n<p>Ka\u017cda pompa u\u017cywana musi by\u0107 czyszczona i na nowo zakodowana do auta<\/p>\n<p>&nbsp;<\/p>\n","protected":false},"excerpt":{"rendered":"<p>NAPRAWA\u00a0 I\u00a0 KODOWANIE pomp abs Dodge Ka\u017cda pompa u\u017cywana musi by\u0107 czyszczona i na nowo zakodowana do auta &nbsp;<\/p>\n","protected":false},"featured_media":1194,"template":"","meta":[],"_links":{"self":[{"href":"https:\/\/licznik.org\/index.php?rest_route=\/wp\/v2\/product\/1192"}],"collection":[{"href":"https:\/\/licznik.org\/index.php?rest_route=\/wp\/v2\/product"}],"about":[{"href":"https:\/\/licznik.org\/index.php?rest_route=\/wp\/v2\/types\/product"}],"wp:featuredmedia":[{"embeddable":true,"href":"https:\/\/licznik.org\/index.php?rest_route=\/wp\/v2\/media\/1194"}],"wp:attachment":[{"href":"https:\/\/licznik.org\/index.php?rest_route=%2Fwp%2Fv2%2Fmedia&parent=1192"}],"curies":[{"name":"wp","href":"https:\/\/api.w.org\/{rel}","templated":true}]}}