{"id":1195,"date":"2020-11-22T14:07:12","date_gmt":"2020-11-22T14:07:12","guid":{"rendered":"http:\/\/licznik.org\/?post_type=product&#038;p=1195"},"modified":"2020-11-22T14:07:12","modified_gmt":"2020-11-22T14:07:12","slug":"pompa-abs-esc-jeep-grand-cherokee-naprawa-i-kodowanie","status":"publish","type":"product","link":"https:\/\/licznik.org\/?product=pompa-abs-esc-jeep-grand-cherokee-naprawa-i-kodowanie","title":{"rendered":"Pompa ABS ESC Jeep Grand Cherokee   Naprawa i Kodowanie"},"content":{"rendered":"<p>NAPRAWA I KODOWANIE pomp abs\u00a0 Jeep Grand Cherokee<\/p>\n<p>Ka\u017cda pompa u\u017cywana musi by\u0107 czyszczona i na nowo zakodowana do auta<\/p>\n","protected":false},"excerpt":{"rendered":"<p>NAPRAWA I KODOWANIE pomp abs\u00a0 Jeep Grand Cherokee Ka\u017cda pompa u\u017cywana musi by\u0107 czyszczona i na nowo zakodowana do auta<\/p>\n","protected":false},"featured_media":1193,"template":"","meta":[],"_links":{"self":[{"href":"https:\/\/licznik.org\/index.php?rest_route=\/wp\/v2\/product\/1195"}],"collection":[{"href":"https:\/\/licznik.org\/index.php?rest_route=\/wp\/v2\/product"}],"about":[{"href":"https:\/\/licznik.org\/index.php?rest_route=\/wp\/v2\/types\/product"}],"wp:featuredmedia":[{"embeddable":true,"href":"https:\/\/licznik.org\/index.php?rest_route=\/wp\/v2\/media\/1193"}],"wp:attachment":[{"href":"https:\/\/licznik.org\/index.php?rest_route=%2Fwp%2Fv2%2Fmedia&parent=1195"}],"curies":[{"name":"wp","href":"https:\/\/api.w.org\/{rel}","templated":true}]}}