{"id":1215,"date":"2020-11-22T21:25:11","date_gmt":"2020-11-22T21:25:11","guid":{"rendered":"http:\/\/licznik.org\/?post_type=product&#038;p=1215"},"modified":"2020-11-22T21:33:16","modified_gmt":"2020-11-22T21:33:16","slug":"modul-sterownik-przekladni-4x4-ford-explorer-naprawa","status":"publish","type":"product","link":"https:\/\/licznik.org\/?product=modul-sterownik-przekladni-4x4-ford-explorer-naprawa","title":{"rendered":"Modu\u0142 Sterownik Przek\u0142adni 4\u00d74 Ford Explorer Naprawa"},"content":{"rendered":"<p>profesjonalna naprawa<\/p>\n","protected":false},"excerpt":{"rendered":"<p>profesjonalna naprawa<\/p>\n","protected":false},"featured_media":1213,"template":"","meta":[],"_links":{"self":[{"href":"https:\/\/licznik.org\/index.php?rest_route=\/wp\/v2\/product\/1215"}],"collection":[{"href":"https:\/\/licznik.org\/index.php?rest_route=\/wp\/v2\/product"}],"about":[{"href":"https:\/\/licznik.org\/index.php?rest_route=\/wp\/v2\/types\/product"}],"wp:featuredmedia":[{"embeddable":true,"href":"https:\/\/licznik.org\/index.php?rest_route=\/wp\/v2\/media\/1213"}],"wp:attachment":[{"href":"https:\/\/licznik.org\/index.php?rest_route=%2Fwp%2Fv2%2Fmedia&parent=1215"}],"curies":[{"name":"wp","href":"https:\/\/api.w.org\/{rel}","templated":true}]}}