{"id":1216,"date":"2020-11-22T21:32:04","date_gmt":"2020-11-22T21:32:04","guid":{"rendered":"http:\/\/licznik.org\/?post_type=product&#038;p=1216"},"modified":"2020-11-22T21:36:42","modified_gmt":"2020-11-22T21:36:42","slug":"modul-napedu-przekladni-4x4","status":"publish","type":"product","link":"https:\/\/licznik.org\/?product=modul-napedu-przekladni-4x4","title":{"rendered":"Modu\u0142 Nap\u0119du Przek\u0142adni 4&#215;4 Ford Explorer"},"content":{"rendered":"<p>Modu\u0142 Nap\u0119du Przek\u0142adni 4&#215;4 Ford Explorer<\/p>\n","protected":false},"excerpt":{"rendered":"<p>Modu\u0142 Nap\u0119du Przek\u0142adni 4&#215;4 Ford Explorer<\/p>\n","protected":false},"featured_media":1213,"template":"","meta":[],"_links":{"self":[{"href":"https:\/\/licznik.org\/index.php?rest_route=\/wp\/v2\/product\/1216"}],"collection":[{"href":"https:\/\/licznik.org\/index.php?rest_route=\/wp\/v2\/product"}],"about":[{"href":"https:\/\/licznik.org\/index.php?rest_route=\/wp\/v2\/types\/product"}],"wp:featuredmedia":[{"embeddable":true,"href":"https:\/\/licznik.org\/index.php?rest_route=\/wp\/v2\/media\/1213"}],"wp:attachment":[{"href":"https:\/\/licznik.org\/index.php?rest_route=%2Fwp%2Fv2%2Fmedia&parent=1216"}],"curies":[{"name":"wp","href":"https:\/\/api.w.org\/{rel}","templated":true}]}}