{"id":1263,"date":"2020-11-24T20:04:53","date_gmt":"2020-11-24T20:04:53","guid":{"rendered":"http:\/\/licznik.org\/?post_type=product&#038;p=1263"},"modified":"2020-11-24T20:04:53","modified_gmt":"2020-11-24T20:04:53","slug":"radio-honda-jazz-city-naprawa","status":"publish","type":"product","link":"https:\/\/licznik.org\/?product=radio-honda-jazz-city-naprawa","title":{"rendered":"Radio Honda Jazz City Naprawa"},"content":{"rendered":"<p>NAPRAWY\u00a0 oferta dotyczy naprawy radia cd HONDA JAZZ . CITY<br \/>\nnagminn\u0105 userk\u0105 jest brak strojenia fal radiowych ,brak reakcji na przyciski funkcji radia i przy tym brak dzwi\u0119ku . CD dzia\u0142a bez problemu<br \/>\noferta dotyczy standartowej usterki wywo\u0142anej standartow\u0105 przyczyn\u0105 usterki<br \/>\nna tak\u0105 us\u0142ug\u0119 daj\u0119 DO\u017bYWOTNI\u0104 gwarancj\u0119 poniewa\u017c wymieniam<br \/>\nelementy na nowe. a nie jak wi\u0119kszo\u015b\u0107 naprawiaczy podgrzewa radio gor\u0105cym powietrzem albo lutuje co popadnie<br \/>\nponadto w przeciwie\u0144stwie do innych usun\u0119 ka\u017cd\u0105 usterk\u0119 jaka mo\u017ce zda\u017cy\u0107 si\u0119 w takim lub<\/p>\n","protected":false},"excerpt":{"rendered":"<p>NAPRAWY\u00a0 oferta dotyczy naprawy radia cd HONDA JAZZ . CITY nagminn\u0105 userk\u0105 jest brak strojenia fal radiowych ,brak reakcji na&hellip;<\/p>\n","protected":false},"featured_media":1264,"template":"","meta":[],"_links":{"self":[{"href":"https:\/\/licznik.org\/index.php?rest_route=\/wp\/v2\/product\/1263"}],"collection":[{"href":"https:\/\/licznik.org\/index.php?rest_route=\/wp\/v2\/product"}],"about":[{"href":"https:\/\/licznik.org\/index.php?rest_route=\/wp\/v2\/types\/product"}],"wp:featuredmedia":[{"embeddable":true,"href":"https:\/\/licznik.org\/index.php?rest_route=\/wp\/v2\/media\/1264"}],"wp:attachment":[{"href":"https:\/\/licznik.org\/index.php?rest_route=%2Fwp%2Fv2%2Fmedia&parent=1263"}],"curies":[{"name":"wp","href":"https:\/\/api.w.org\/{rel}","templated":true}]}}