{"id":1333,"date":"2020-11-29T17:47:59","date_gmt":"2020-11-29T17:47:59","guid":{"rendered":"http:\/\/licznik.org\/?post_type=product&#038;p=1333"},"modified":"2020-11-29T18:03:49","modified_gmt":"2020-11-29T18:03:49","slug":"licznik-zegary-vw-pheaton-naprawa","status":"publish","type":"product","link":"https:\/\/licznik.org\/?product=licznik-zegary-vw-pheaton-naprawa","title":{"rendered":"Licznik Zegary VW Phaeton Naprawa"},"content":{"rendered":"<p>NAPRAWA \u2013 LICZNIKA<\/p>\n<p>Usuwamy wszystkie usterki jakie bywaj\u0105 w tych licznikach nawet jak inni pseudo naprawiacze twierdz\u0105 ze jest rozwarstwiona p\u0142yta g\u0142\u00f3wna, dla nas to nie jest problem ,wi\u0119c wysy\u0142aj\u0105c do nas licznik nie dowiesz si\u0119 ze nie mog\u0119 go naprawi\u0107 albo naprawi\u0107 tylko po\u0142owicznie jak to bywa w wi\u0119kszo\u015bci pseudo naprawiaczy<\/p>\n<p>GWARANCJA PISEMNA 12 miesi\u0119cy na cz\u0119\u015bci i czynnos\u0107i naprawacze<\/p>\n<p>.LICZNIK PO NAPRAWIE JEST TESTOWANY NA PROFESJONALNYM STANOWISKU DO TEGO PRZEZNACZONYM. Cena plus\/minus w zale\u017cno\u015bci od ilo\u015bci element\u00f3w i rodzaju usterki.Naprawiaj\u0105c licznik unikasz problem\u00f3w zwi\u0105zanych z immobilajzerem , z przebiegiem kilometr\u00f3w jak te\u017c z mierzonymi parametrami auta.Licznik po naprawie w dalszym ci\u0105gu dzia\u0142a tak jak przed uszkodzeniem I nie wymaga nowego programowania do auta<\/p>\n<p>ZOBACZ NASZE INNE OFERTY , NAJWI\u0118KSZY ASORTYMENT US\u0141UG CO SWIADCZY O PE\u0141NYM PROFESJONALIZMIE, A DLA KLIENTA 100% JAKO\u015a\u0106I WYKONYWANEJ US\u0141UGI .WI\u0118CEJ INFO TEL 602459855<\/p>\n","protected":false},"excerpt":{"rendered":"<p>NAPRAWA \u2013 LICZNIKA Usuwamy wszystkie usterki jakie bywaj\u0105 w tych licznikach nawet jak inni pseudo naprawiacze twierdz\u0105 ze jest rozwarstwiona&hellip;<\/p>\n","protected":false},"featured_media":1330,"template":"","meta":[],"_links":{"self":[{"href":"https:\/\/licznik.org\/index.php?rest_route=\/wp\/v2\/product\/1333"}],"collection":[{"href":"https:\/\/licznik.org\/index.php?rest_route=\/wp\/v2\/product"}],"about":[{"href":"https:\/\/licznik.org\/index.php?rest_route=\/wp\/v2\/types\/product"}],"wp:featuredmedia":[{"embeddable":true,"href":"https:\/\/licznik.org\/index.php?rest_route=\/wp\/v2\/media\/1330"}],"wp:attachment":[{"href":"https:\/\/licznik.org\/index.php?rest_route=%2Fwp%2Fv2%2Fmedia&parent=1333"}],"curies":[{"name":"wp","href":"https:\/\/api.w.org\/{rel}","templated":true}]}}