{"id":1411,"date":"2021-03-18T15:36:32","date_gmt":"2021-03-18T15:36:32","guid":{"rendered":"http:\/\/licznik.org\/?post_type=product&#038;p=1411"},"modified":"2021-03-18T15:37:47","modified_gmt":"2021-03-18T15:37:47","slug":"pompa-abs-esc-mazda-cx5-kbj5437a0-kbj5-43-7a0","status":"publish","type":"product","link":"https:\/\/licznik.org\/?product=pompa-abs-esc-mazda-cx5-kbj5437a0-kbj5-43-7a0","title":{"rendered":"Pompa ABS ESC Mazda CX5 KBJ5437A0 KBJ5 43 7A0"},"content":{"rendered":"<p>Ka\u017bda uzywana pompa musi by\u0107 czyszczona i ponownie kodowana do auta<\/p>\n<p>pompa wyczyszczona \u2013 CZYSTA \u2013 ZAKODOWANA PO TWOJE AUTO<\/p>\n<p>POMPA ABS ESC MAZDA \u2013 wk\u0142adasz pomp\u0119 do auta i SAMA automatycznie<\/p>\n<p>dokoduje si\u0119 do wszystkich sterownik\u00f3w auta . Nie musisz jecha\u0107 do serwisu i ponosi\u0107 niepotrzenie wysokich koszt\u00f3w programowania<\/p>\n<p>WYSTARCZY TYLKO PODPI\u0104\u0106 WTYCZKE I ZA\u0141\u0104CZY\u0106 ZAP\u0141ON<\/p>\n<p>kopiuj\u0119, klonuj\u0119 wszystkie pompy czego nie potrafi \u017cadna firma co \u015bwiadczy o moim profesjonali\u017cmie<\/p>\n<p>wszystkie zakupione u nas pompy po moim czyszczeniu automatycznie same si\u0119 dopisuj\u0105 konfiguracyjnie do wyposa\u017cenia auta wi\u0119c nie potrzebujesz dodatkowo wydawa\u0107 kasy warsztatom kt\u00f3re w wi\u0119kszo\u015bci i tak sobie nie poradz\u0105 z zaprogramowaniem do auta<\/p>\n<p>posiadamy w ofercie pompy abs mazda 2 3 6 cx3 cx5 cx9<\/p>\n<p>wszystkie typy i numery<\/p>\n<p>ponadto naprawiam jako jedyny , uszkodzone po\u0142amane pompy<\/p>\n<p>jak r\u00f3wnie\u017c czy\u015bcimy i programujemy i kodujemy wszystkie typy pomp abs za pomoc\u0105 wysy\u0142ki<\/p>\n<p>POMPA ABS mazda 2 3 5 6 cx5 cx9 cx3 .NAPRAWIAMY ,czyszcz\u0119 ,programuj\u0119 .koduj\u0119 u\u017bywane pompy<\/p>\n<p>NAPRAWIAM PO\u0141AMNE i uszkodzone pompy EUROPA jak i USA<\/p>\n<p>R\u00d3WNIE\u017b w ofercie POSIADAM SPRAWNE POMPY<\/p>\n","protected":false},"excerpt":{"rendered":"<p>Ka\u017bda uzywana pompa musi by\u0107 czyszczona i ponownie kodowana do auta pompa wyczyszczona \u2013 CZYSTA \u2013 ZAKODOWANA PO TWOJE AUTO&hellip;<\/p>\n","protected":false},"featured_media":1413,"template":"","meta":[],"_links":{"self":[{"href":"https:\/\/licznik.org\/index.php?rest_route=\/wp\/v2\/product\/1411"}],"collection":[{"href":"https:\/\/licznik.org\/index.php?rest_route=\/wp\/v2\/product"}],"about":[{"href":"https:\/\/licznik.org\/index.php?rest_route=\/wp\/v2\/types\/product"}],"wp:featuredmedia":[{"embeddable":true,"href":"https:\/\/licznik.org\/index.php?rest_route=\/wp\/v2\/media\/1413"}],"wp:attachment":[{"href":"https:\/\/licznik.org\/index.php?rest_route=%2Fwp%2Fv2%2Fmedia&parent=1411"}],"curies":[{"name":"wp","href":"https:\/\/api.w.org\/{rel}","templated":true}]}}