{"id":1486,"date":"2023-11-16T14:46:27","date_gmt":"2023-11-16T14:46:27","guid":{"rendered":"https:\/\/licznik.org\/?post_type=product&#038;p=1486"},"modified":"2023-11-16T14:46:27","modified_gmt":"2023-11-16T14:46:27","slug":"licznik-zegary-vw-fox-naprawa-lcd-i-inne-usterki","status":"publish","type":"product","link":"https:\/\/licznik.org\/?product=licznik-zegary-vw-fox-naprawa-lcd-i-inne-usterki","title":{"rendered":"licznik zegary VW Fox  naprawa LCD i inne usterki"},"content":{"rendered":"<p>Licznik Zegary VW FOX\u00a0 &#8211; NAPRAWA\u00a0\u00a0 WY\u015aWIETLACZA LCD<\/p>\n<p>Gwaracja 12 miesi\u0119cyna na cz\u0119\u015bci i czynno\u015bci naprawcze ,jedynie naprawa da ci gwarancj\u0119 ze problem pixeli niepowr\u00f3ci i dodatkowo nie trzeba programowa\u0107 na nowo immobilajzera i zmienia\u0107 perzebiegu km<\/p>\n","protected":false},"excerpt":{"rendered":"<p>Licznik Zegary VW FOX\u00a0 &#8211; NAPRAWA\u00a0\u00a0 WY\u015aWIETLACZA LCD Gwaracja 12 miesi\u0119cyna na cz\u0119\u015bci i czynno\u015bci naprawcze ,jedynie naprawa da ci&hellip;<\/p>\n","protected":false},"featured_media":1487,"template":"","meta":[],"_links":{"self":[{"href":"https:\/\/licznik.org\/index.php?rest_route=\/wp\/v2\/product\/1486"}],"collection":[{"href":"https:\/\/licznik.org\/index.php?rest_route=\/wp\/v2\/product"}],"about":[{"href":"https:\/\/licznik.org\/index.php?rest_route=\/wp\/v2\/types\/product"}],"wp:featuredmedia":[{"embeddable":true,"href":"https:\/\/licznik.org\/index.php?rest_route=\/wp\/v2\/media\/1487"}],"wp:attachment":[{"href":"https:\/\/licznik.org\/index.php?rest_route=%2Fwp%2Fv2%2Fmedia&parent=1486"}],"curies":[{"name":"wp","href":"https:\/\/api.w.org\/{rel}","templated":true}]}}