{"id":1501,"date":"2024-01-21T20:11:26","date_gmt":"2024-01-21T20:11:26","guid":{"rendered":"https:\/\/licznik.org\/?post_type=product&#038;p=1501"},"modified":"2024-01-21T20:11:26","modified_gmt":"2024-01-21T20:11:26","slug":"licznik-tasma-wyswietlacz-lcd-john-deere-masey-ferguson-naprawa","status":"publish","type":"product","link":"https:\/\/licznik.org\/?product=licznik-tasma-wyswietlacz-lcd-john-deere-masey-ferguson-naprawa","title":{"rendered":"LICZNIK TA\u015aMA WY\u015aWIETLACZ LCD JOHN DEERE MASEY FERGUSON NAPRAWA"},"content":{"rendered":"<div class=\"mgn2_14 mp0t_0a mqu1_21 mli8_k4 mgmw_wo msts_pt _0d3bd_K6Qpj\" data-reactroot=\"\">\n<div class=\"\">\n<div class=\"mpof_ki myre_zn myre_8v_l m389_6m_l\">\n<div class=\"mp4t_16_s mryx_16_s mr3m_1 mli2_1 mh85_56 mh85_0_l\">\n<div class=\"mgn2_16 _0d3bd_am0a-\">\n<p>OFERTA DOTYCZY TA\u015aMY PO\u0141\u0104CZENIOWEJ DO WY\u015aWIETLACZA LCD DLA LICZNIKA DO CI\u0104GNIKA JOHN DEERE MASEY FERGUSON<\/p>\n<p>TA\u015aMA RAZEM Z WYMIAN\u0104 GDZIE NA T\u0104 CZYNNO\u015a\u0106 MONTA\u017bU , PRZYKLEJENIA NA SPECJALN\u0104 DODATKOW\u0104 TA\u015aM\u0118\u00a0 ANIZOTROPOW\u0104 KT\u00d3RA TO JEST W CENIE ,UDZIELAM 12 MIESI\u0118CY. GWARANCJI<\/p>\n<\/div>\n<\/div>\n<\/div>\n<\/div>\n<\/div>\n","protected":false},"excerpt":{"rendered":"<p>OFERTA DOTYCZY TA\u015aMY PO\u0141\u0104CZENIOWEJ DO WY\u015aWIETLACZA LCD DLA LICZNIKA DO CI\u0104GNIKA JOHN DEERE MASEY FERGUSON TA\u015aMA RAZEM Z WYMIAN\u0104 GDZIE&hellip;<\/p>\n","protected":false},"featured_media":1502,"template":"","meta":[],"_links":{"self":[{"href":"https:\/\/licznik.org\/index.php?rest_route=\/wp\/v2\/product\/1501"}],"collection":[{"href":"https:\/\/licznik.org\/index.php?rest_route=\/wp\/v2\/product"}],"about":[{"href":"https:\/\/licznik.org\/index.php?rest_route=\/wp\/v2\/types\/product"}],"wp:featuredmedia":[{"embeddable":true,"href":"https:\/\/licznik.org\/index.php?rest_route=\/wp\/v2\/media\/1502"}],"wp:attachment":[{"href":"https:\/\/licznik.org\/index.php?rest_route=%2Fwp%2Fv2%2Fmedia&parent=1501"}],"curies":[{"name":"wp","href":"https:\/\/api.w.org\/{rel}","templated":true}]}}