{"id":1509,"date":"2024-02-16T17:58:54","date_gmt":"2024-02-16T17:58:54","guid":{"rendered":"https:\/\/licznik.org\/?post_type=product&#038;p=1509"},"modified":"2024-02-16T17:58:54","modified_gmt":"2024-02-16T17:58:54","slug":"licznik-zegary-peugeot-208-naprawa","status":"publish","type":"product","link":"https:\/\/licznik.org\/?product=licznik-zegary-peugeot-208-naprawa","title":{"rendered":"Licznik Zegary Peugeot 208 Naprawa"},"content":{"rendered":"<p>Licznik Zegary Peugeot 208\u00a0 \u2013 NAPRAWA WY\u015aWIETLACZA LCD<\/p>\n<p>Gwaracja 12 miesi\u0119cyna na cz\u0119\u015bci i czynno\u015bci naprawcze ,jedynie naprawa da ci gwarancj\u0119 ze problem pixeli niepowr\u00f3ci i dodatkowo nie trzeba programowa\u0107 na nowo i zmienia\u0107 perzebiegu km i tp oraz naprawa innych usterek<\/p>\n","protected":false},"excerpt":{"rendered":"<p>Licznik Zegary Peugeot 208\u00a0 \u2013 NAPRAWA WY\u015aWIETLACZA LCD Gwaracja 12 miesi\u0119cyna na cz\u0119\u015bci i czynno\u015bci naprawcze ,jedynie naprawa da ci&hellip;<\/p>\n","protected":false},"featured_media":0,"template":"","meta":[],"_links":{"self":[{"href":"https:\/\/licznik.org\/index.php?rest_route=\/wp\/v2\/product\/1509"}],"collection":[{"href":"https:\/\/licznik.org\/index.php?rest_route=\/wp\/v2\/product"}],"about":[{"href":"https:\/\/licznik.org\/index.php?rest_route=\/wp\/v2\/types\/product"}],"wp:attachment":[{"href":"https:\/\/licznik.org\/index.php?rest_route=%2Fwp%2Fv2%2Fmedia&parent=1509"}],"curies":[{"name":"wp","href":"https:\/\/api.w.org\/{rel}","templated":true}]}}