{"id":1517,"date":"2024-04-12T19:20:05","date_gmt":"2024-04-12T19:20:05","guid":{"rendered":"https:\/\/licznik.org\/?post_type=product&#038;p=1517"},"modified":"2024-04-20T19:17:21","modified_gmt":"2024-04-20T19:17:21","slug":"modul-sterownik-wybierak-biegow-w203-w209-w211-w219-naprawa","status":"publish","type":"product","link":"https:\/\/licznik.org\/?product=modul-sterownik-wybierak-biegow-w203-w209-w211-w219-naprawa","title":{"rendered":"Modu\u0142 Sterownik Wybierak Bieg\u00f3w W203 W209 W211 W219 Naprawa"},"content":{"rendered":"<p>Modu\u0142 Sterownik Wybierak Bieg\u00f3w Mercedes ;<\/p>\n<p>w203\u00a0 2000-2007), C KLASA<\/p>\n<p>w209\u00a0 2002-2009 , CLK<\/p>\n<p>w211\u00a0 2002-2009 E KLASA<\/p>\n<p>w219 2004-2010\u00a0 CLS<\/p>\n<p>Usterki<\/p>\n<p>Licznik nie wy\u015bwietla aktualnego biegu (PRND)<\/p>\n<p>Tryb awaryjny skrzyni<\/p>\n<p>Blokada skrzyni\u00a0 mi\u0119dzy N a R<\/p>\n<p>Prze\u0142\u0105czanie lewarka tylko za zgaszonym silniku<\/p>\n<p>Auto\u00a0 jedzie na jednym biegu<\/p>\n<p>\u017beby zmieni\u0107 po\u0142o\u017cenie wybieraka\u00a0 trzeba pu\u015bci\u0107 peda\u0142 hamulca<\/p>\n<p>Kody b\u0142\u0119d\u00f3w P1856 P240C i podobne<\/p>\n<p>Sam Modu\u0142 Sterownik (Elektronika) bez LEWARKA nale\u017cy\u00a0 odes\u0142a\u0107 na adres:<\/p>\n<p>Animeks -Serwis 73-110 Stargard ul Niepodleglo\u015bci 49<\/p>\n<p>&nbsp;<\/p>\n<p>Numeracja ca\u0142ych wybierak\u00f3w lub samych sterownik\u00f3w<\/p>\n<p>A2032670324<\/p>\n<p>A2032670624<\/p>\n<p>A2032670724<\/p>\n<p>A2032672124<\/p>\n<p>A2032672524<\/p>\n<p>A2032674924<\/p>\n<p>A2032675124<\/p>\n<p>A2032675524<\/p>\n<p>A2032676024<\/p>\n<p>A2032677024<\/p>\n<p>A2032677224<\/p>\n<p>A2032678024<\/p>\n<p>A2032678124<\/p>\n<p>A2032678524<\/p>\n<p>A2032678824<\/p>\n<p>A2032679024<\/p>\n<p>A2032679124<\/p>\n<p>A2032679724<\/p>\n<p>A2032670027<\/p>\n<p>A2032670327<\/p>\n<p>A2035453511<\/p>\n<p>A2035458524<\/p>\n<p>A2035459024<\/p>\n<p>A2092670324<\/p>\n<p>A2092670024<\/p>\n<p>A2092670224<\/p>\n<p>A2112670200<\/p>\n<p>A2112670300<\/p>\n<p>A2112670151<\/p>\n<p>A2112673124<\/p>\n<p>A2112673224<\/p>\n<p>A2112673424<\/p>\n<p>A2112673624<\/p>\n<p>A2112673724<\/p>\n<p>A2112674224<\/p>\n<p>A2112674324<\/p>\n<p>A2112674424<\/p>\n<p>A2112674524<\/p>\n<p>A2112674724<\/p>\n<p>A2112674924<\/p>\n<p>A2112675024<\/p>\n<p>A2112675124<\/p>\n<p>A2112675624<\/p>\n<p>A2112675824<\/p>\n<p>A2112675924<\/p>\n<p>A2112676224<\/p>\n<p>A2112678524<\/p>\n<p>A2202671524<\/p>\n","protected":false},"excerpt":{"rendered":"<p>Modu\u0142 Sterownik Wybierak Bieg\u00f3w Mercedes ;<\/p>\n<p>w203\u00a0 2000-2007), C KLASA<\/p>\n<p>w209\u00a0 2002-2009 , CLK<\/p>\n<p>w211\u00a0 2002-2009 E KLASA<\/p>\n<p>w219 2004-2010\u00a0 CLS<\/p>\n","protected":false},"featured_media":1525,"template":"","meta":[],"_links":{"self":[{"href":"https:\/\/licznik.org\/index.php?rest_route=\/wp\/v2\/product\/1517"}],"collection":[{"href":"https:\/\/licznik.org\/index.php?rest_route=\/wp\/v2\/product"}],"about":[{"href":"https:\/\/licznik.org\/index.php?rest_route=\/wp\/v2\/types\/product"}],"wp:featuredmedia":[{"embeddable":true,"href":"https:\/\/licznik.org\/index.php?rest_route=\/wp\/v2\/media\/1525"}],"wp:attachment":[{"href":"https:\/\/licznik.org\/index.php?rest_route=%2Fwp%2Fv2%2Fmedia&parent=1517"}],"curies":[{"name":"wp","href":"https:\/\/api.w.org\/{rel}","templated":true}]}}