{"id":1532,"date":"2024-08-20T13:53:19","date_gmt":"2024-08-20T13:53:19","guid":{"rendered":"https:\/\/licznik.org\/?post_type=product&#038;p=1532"},"modified":"2024-08-20T13:53:20","modified_gmt":"2024-08-20T13:53:20","slug":"licznik-zegary-scania-autobus-naprawa","status":"publish","type":"product","link":"https:\/\/licznik.org\/?product=licznik-zegary-scania-autobus-naprawa","title":{"rendered":"Licznik Zegary Scania Autobus Naprawa"},"content":{"rendered":"<p>Oferta dotczy naprawy Licznik\u00f3w samochodowych Scania Autobus i inne . Bardzo cz\u0119ste z\u0142e dzialanie wskaz\u00f3wek i innych kontrolek , jak i samych wyswietlaczy<\/p>\n","protected":false},"excerpt":{"rendered":"<p>Oferta dotczy naprawy Licznik\u00f3w samochodowych Scania Autobus i inne . Bardzo cz\u0119ste z\u0142e dzialanie wskaz\u00f3wek i innych kontrolek , jak&hellip;<\/p>\n","protected":false},"featured_media":1534,"template":"","meta":[],"_links":{"self":[{"href":"https:\/\/licznik.org\/index.php?rest_route=\/wp\/v2\/product\/1532"}],"collection":[{"href":"https:\/\/licznik.org\/index.php?rest_route=\/wp\/v2\/product"}],"about":[{"href":"https:\/\/licznik.org\/index.php?rest_route=\/wp\/v2\/types\/product"}],"wp:featuredmedia":[{"embeddable":true,"href":"https:\/\/licznik.org\/index.php?rest_route=\/wp\/v2\/media\/1534"}],"wp:attachment":[{"href":"https:\/\/licznik.org\/index.php?rest_route=%2Fwp%2Fv2%2Fmedia&parent=1532"}],"curies":[{"name":"wp","href":"https:\/\/api.w.org\/{rel}","templated":true}]}}