{"id":1543,"date":"2024-09-30T16:02:14","date_gmt":"2024-09-30T16:02:14","guid":{"rendered":"https:\/\/licznik.org\/?post_type=product&#038;p=1543"},"modified":"2024-09-30T16:02:14","modified_gmt":"2024-09-30T16:02:14","slug":"licznik-zegary-volvo-fh-naprawa","status":"publish","type":"product","link":"https:\/\/licznik.org\/?product=licznik-zegary-volvo-fh-naprawa","title":{"rendered":"Licznik Zegary Volvo FH Naprawa"},"content":{"rendered":"<p>Naprawa licznk\u00f3w Volvo FH<\/p>\n<p>Okresowe dzia\u0142enie wska\u017cnik\u00f3w analogowych\u00a0 ,zatrzymuj\u0105ce si\u0119 wskaz\u00f3wki\u00a0 ,zanikanie podswietlenia , zle dzia\u0142anie wy\u015bwietlacza i inne<\/p>\n","protected":false},"excerpt":{"rendered":"<p>Naprawa licznk\u00f3w Volvo FH Okresowe dzia\u0142enie wska\u017cnik\u00f3w analogowych\u00a0 ,zatrzymuj\u0105ce si\u0119 wskaz\u00f3wki\u00a0 ,zanikanie podswietlenia , zle dzia\u0142anie wy\u015bwietlacza i inne<\/p>\n","protected":false},"featured_media":1544,"template":"","meta":[],"_links":{"self":[{"href":"https:\/\/licznik.org\/index.php?rest_route=\/wp\/v2\/product\/1543"}],"collection":[{"href":"https:\/\/licznik.org\/index.php?rest_route=\/wp\/v2\/product"}],"about":[{"href":"https:\/\/licznik.org\/index.php?rest_route=\/wp\/v2\/types\/product"}],"wp:featuredmedia":[{"embeddable":true,"href":"https:\/\/licznik.org\/index.php?rest_route=\/wp\/v2\/media\/1544"}],"wp:attachment":[{"href":"https:\/\/licznik.org\/index.php?rest_route=%2Fwp%2Fv2%2Fmedia&parent=1543"}],"curies":[{"name":"wp","href":"https:\/\/api.w.org\/{rel}","templated":true}]}}