{"id":1547,"date":"2024-11-15T18:40:25","date_gmt":"2024-11-15T18:40:25","guid":{"rendered":"https:\/\/licznik.org\/?post_type=product&#038;p=1547"},"modified":"2025-02-15T18:36:47","modified_gmt":"2025-02-15T18:36:47","slug":"wyswietlacz-licznik-zegary-mercedes-atego-naprawa-wyswietlacz-kolor","status":"publish","type":"product","link":"https:\/\/licznik.org\/?product=wyswietlacz-licznik-zegary-mercedes-atego-naprawa-wyswietlacz-kolor","title":{"rendered":"Wy\u015bwietlacz Licznik Zegary Mercedes Atego Naprawa Wy\u015bwietlacz Kolor"},"content":{"rendered":"<p>Fabrycznie nowy wy\u015bwietlacz do licznika Mercedes Atego\u00a0 , kolor<\/p>\n","protected":false},"excerpt":{"rendered":"<p>Fabrycznie nowy wy\u015bwietlacz do licznika Mercedes Atego\u00a0 , kolor<\/p>\n","protected":false},"featured_media":1548,"template":"","meta":[],"_links":{"self":[{"href":"https:\/\/licznik.org\/index.php?rest_route=\/wp\/v2\/product\/1547"}],"collection":[{"href":"https:\/\/licznik.org\/index.php?rest_route=\/wp\/v2\/product"}],"about":[{"href":"https:\/\/licznik.org\/index.php?rest_route=\/wp\/v2\/types\/product"}],"wp:featuredmedia":[{"embeddable":true,"href":"https:\/\/licznik.org\/index.php?rest_route=\/wp\/v2\/media\/1548"}],"wp:attachment":[{"href":"https:\/\/licznik.org\/index.php?rest_route=%2Fwp%2Fv2%2Fmedia&parent=1547"}],"curies":[{"name":"wp","href":"https:\/\/api.w.org\/{rel}","templated":true}]}}