{"id":1582,"date":"2025-05-02T18:07:45","date_gmt":"2025-05-02T18:07:45","guid":{"rendered":"https:\/\/licznik.org\/?post_type=product&#038;p=1582"},"modified":"2025-05-02T18:07:45","modified_gmt":"2025-05-02T18:07:45","slug":"licznik-zegary-mercedes-turino-autobus-naprawa","status":"publish","type":"product","link":"https:\/\/licznik.org\/?product=licznik-zegary-mercedes-turino-autobus-naprawa","title":{"rendered":"Licznik Zegary mercedes Turino  Autobus Naprawa"},"content":{"rendered":"<p>Oferta dotczy naprawy Licznik\u00f3w samochodowych\u00a0 mercedes turino Autobus i inne . Bardzo cz\u0119ste z\u0142e dzialanie wskaz\u00f3wek i innych kontrolek , jak i samych wyswietlaczy<\/p>\n","protected":false},"excerpt":{"rendered":"<p>Oferta dotczy naprawy Licznik\u00f3w samochodowych\u00a0 mercedes turino Autobus i inne . Bardzo cz\u0119ste z\u0142e dzialanie wskaz\u00f3wek i innych kontrolek ,&hellip;<\/p>\n","protected":false},"featured_media":1583,"template":"","meta":[],"_links":{"self":[{"href":"https:\/\/licznik.org\/index.php?rest_route=\/wp\/v2\/product\/1582"}],"collection":[{"href":"https:\/\/licznik.org\/index.php?rest_route=\/wp\/v2\/product"}],"about":[{"href":"https:\/\/licznik.org\/index.php?rest_route=\/wp\/v2\/types\/product"}],"wp:featuredmedia":[{"embeddable":true,"href":"https:\/\/licznik.org\/index.php?rest_route=\/wp\/v2\/media\/1583"}],"wp:attachment":[{"href":"https:\/\/licznik.org\/index.php?rest_route=%2Fwp%2Fv2%2Fmedia&parent=1582"}],"curies":[{"name":"wp","href":"https:\/\/api.w.org\/{rel}","templated":true}]}}