{"id":291,"date":"2020-11-12T21:32:03","date_gmt":"2020-11-12T21:32:03","guid":{"rendered":"http:\/\/licznik.org\/?post_type=product&#038;p=291"},"modified":"2020-11-13T14:56:06","modified_gmt":"2020-11-13T14:56:06","slug":"licznik-zegary-mercedes-atego-naprawa","status":"publish","type":"product","link":"https:\/\/licznik.org\/?product=licznik-zegary-mercedes-atego-naprawa","title":{"rendered":"Licznik Zegary Mercedes Atego Naprawa"},"content":{"rendered":"<div class=\"woocommerce-tabs wc-tabs-wrapper\">\n<div id=\"tab-description\" class=\"woocommerce-Tabs-panel woocommerce-Tabs-panel--description panel entry-content wc-tab\" role=\"tabpanel\" aria-labelledby=\"tab-title-description\">\n<p>OFERTA DOTYCZY NAPRAWY LICZNIKA MERCEDES\u00a0 ATEGO<\/p>\n<p>Naprawiamy wszelkie usterki<\/p>\n<p>SPECJALIZACJA MERCEDES WSZYSTKIE TYPY I MODELE<\/p>\n<p>NAPRAWIAMY WSZYSTKIE MODU\u0141Y W JAKIE S\u0104 WYPOSA\u017bONE AUTA MERCEDESA<\/p>\n<p>Mercedes GLK W204, W207, W212 naprawa RYGLA blokady kierownicy<br \/>\nNaprawa stacyjki ezs rygla ESL, programowanie i naprawa kluczy<\/p>\n<p>NA INNYCH MOICH OFERTACH NAPRAWA STEROWNIK\u00d3W SKRZY\u0143 BIEG\u00d3W<\/p>\n<p>STEROWNIKI PO NAPRAWIE JAKO JEDYNI ZAMYKAMY TAK ABY NIE DOSZ\u0141O DO PRZECIEKU OLEJU DO NAPYLANEJ HYBRYDY KT\u00d3RY USZKADZA TRWALE STEROWNIK<\/p>\n<p>JAKO JEDYNI STEROWNIKI A KLASA W168 VANEO, NITUJEMY NA TAKIE SAME NITY JAK W ORGINALE WI\u0118C NIEMA MOWY ABY OLEJ PRZEDOSTA\u0141 SI\u0118 DO \u015aRODKA STEROWNIKA, GDZIE PO PSEUDOFACHOWCACH I PSEUDO NAPRAWACH TO STANDART ZE PO CZASIE STEROWNIK JEST DO WYRZUCENIA Z POWODU PRZECIEKU OLEJU PRZEK\u0141ADNIOWEGO DO STEROWNIKA<\/p>\n<p>SPECJALIZACJA MERCEDESA \u2013 ZAUFAJ PROFESJONALI\u015aCIE<\/p>\n<p>NA INNYCH MOICH OG\u0141OSZENIACH<\/p>\n<p>NAPRAWA I KODOWANIE STACYJEK , BLOKAD,KLUCZYK\u00d3W,STEROWNIK\u00d3W,MODU\u0141\u00d3W SKRZY\u0143 BIEG\u00d3W<\/p>\n<p>NAPRAWA MODU\u0141U DRZWI<\/p>\n<p>NAPRAWA LICZNIKA<\/p>\n<p>NAPRAWA STEROWNIKA SKRZYNI BIEG\u00d3W<\/p>\n<p>NAPRAWA MODU\u0141U SAM<\/p>\n<p>NAPRAWA STEROWNIKA ABS ESP ESC<\/p>\n<p>NAPRAWA BLOKADY RYGLA KIEROWNICY<\/p>\n<p>W OFERCIE NA INNYCH MOICH AUKCJACH<\/p>\n<p>KOMPUTERY SILNIKA MODU\u0141Y SAM<\/p>\n<p>POMPY ABS ESC<\/p>\n<p>STACYJKI I KLUCZYKI<\/p>\n<p>BLOKADY RYGLE KIEROWNICY<\/p>\n<p>LICZNIKI<\/p>\n<p>MODU\u0141Y WYBIERAKA BIEG\u00d3W ISM DSM<\/p>\n<p>STEROWNIKI SKRZY\u0143 BIEG\u00d3W<\/p>\n<p>WSPOMAGANIA KIEROWNICY<\/p>\n<p>ZOBACZ NASZE INNE OFERTY, NAJWI\u0118KSZY ASORTYMENT US\u0141UG MERCEDESA CO \u015aWIADCZY O PE\u0141NYM PROFESJONALIZMIE, A DLA KLIENTA 100% JAKO\u015a\u0106I WYKONYWANEJ US\u0141UGI .WI\u0118CEJ INFO TEL 602 45 98 55<\/p>\n<\/div>\n<\/div>\n<section class=\"related products\">\n<h2>Pokrewne produkty<\/h2>\n<\/section>\n","protected":false},"excerpt":{"rendered":"<p>OFERTA DOTYCZY NAPRAWY LICZNIKA MERCEDES\u00a0 ATEGO Naprawiamy wszelkie usterki SPECJALIZACJA MERCEDES WSZYSTKIE TYPY I MODELE NAPRAWIAMY WSZYSTKIE MODU\u0141Y W JAKIE&hellip;<\/p>\n","protected":false},"featured_media":376,"template":"","meta":[],"_links":{"self":[{"href":"https:\/\/licznik.org\/index.php?rest_route=\/wp\/v2\/product\/291"}],"collection":[{"href":"https:\/\/licznik.org\/index.php?rest_route=\/wp\/v2\/product"}],"about":[{"href":"https:\/\/licznik.org\/index.php?rest_route=\/wp\/v2\/types\/product"}],"wp:featuredmedia":[{"embeddable":true,"href":"https:\/\/licznik.org\/index.php?rest_route=\/wp\/v2\/media\/376"}],"wp:attachment":[{"href":"https:\/\/licznik.org\/index.php?rest_route=%2Fwp%2Fv2%2Fmedia&parent=291"}],"curies":[{"name":"wp","href":"https:\/\/api.w.org\/{rel}","templated":true}]}}