{"id":489,"date":"2020-11-14T11:42:46","date_gmt":"2020-11-14T11:42:46","guid":{"rendered":"http:\/\/licznik.org\/?post_type=product&#038;p=489"},"modified":"2020-11-14T11:44:03","modified_gmt":"2020-11-14T11:44:03","slug":"modul-sterownik-sam-tyl-mercedes-ml-w164","status":"publish","type":"product","link":"https:\/\/licznik.org\/?product=modul-sterownik-sam-tyl-mercedes-ml-w164","title":{"rendered":"Modu\u0142 Sterownik SAM Ty\u0142 Mercedes ML W164"},"content":{"rendered":"<p>oferta dotyczy naprawy modu\u0142\u00f3w SAM MERCEDES ML W164<\/p>\n<p>&nbsp;<\/p>\n<p>SPECJALIZACJA MERCEDES WSZYSTKIE TYPY I MODELE<\/p>\n<p>NAPRAWIAMY WSZYSTKIE MODU\u0141Y W JAKIE S\u0104 WYPOSA\u017bONE AUTA MERCEDESA<\/p>\n<p>&nbsp;<\/p>\n<p>STEROWNIKI SKRZY\u0143 BIEG\u00d3W.<\/p>\n<p>PO NAPRAWIE JAKO JEDYNI ZAMYKAMY TAK ABY NIE DOSZ\u0141O DO PRZECIEKU OLEJU DO NAPYLANEJ HYBRYDY KT\u00d3RY USZKADZA TRWALE STEROWNIK<\/p>\n<p>JAKO JEDYNI STEROWNIKI A KLASA W168 VANEO, NITUJEMY NA TAKIE SAME NITY JAK W ORGINALE WI\u0118C NIEMA MOWY ABY OLEJ PRZEDOSTA\u0141 SI\u0118 DO \u015aRODKA STEROWNIKA, GDZIE PO PSEUDOFACHOWCACH I PSEUDO NAPRAWACH TO STANDART ZE PO CZASIE STEROWNIK JEST DO WYRZUCENIA Z POWODU PRZECIEKU OLEJU PRZEK\u0141ADNIOWEGO DO STEROWNIKA<\/p>\n<p>SPECJALIZACJA MERCEDESA &#8211; ZAUFAJ PROFESJONALI\u015aCIE<\/p>\n<p>NA INNYCH MOICH OG\u0141OSZENIACH<\/p>\n<p>NAPRAWA I KODOWANIE STACYJEK , BLOKAD,KLUCZYK\u00d3W,STEROWNIK\u00d3W,MODU\u0141\u00d3W SKRZY\u0143 BIEG\u00d3W<\/p>\n<p>NAPRAWA MODU\u0141U DRZWI<\/p>\n<p>NAPRAWA LICZNIKA<\/p>\n<p>NAPRAWA STEROWNIKA SKRZYNI BIEG\u00d3W<\/p>\n<p>NAPRAWA MODU\u0141U SAM<\/p>\n<p>NAPRAWA STEROWNIKA ABS ESP ESC<\/p>\n<p>NAPRAWA BLOKADY RYGLA KIEROWNICY<\/p>\n<p>W OFERCIE NA INNYCH MOICH AUKCJACH<\/p>\n<p>KOMPUTERY SILNIKA MODU\u0141Y SAM<\/p>\n<p>POMPY ABS ESC<\/p>\n<p>STACYJKI I KLUCZYKI<\/p>\n<p>BLOKADY RYGLE KIEROWNICY<\/p>\n<p>LICZNIKI<\/p>\n<p>MODU\u0141Y WYBIERAKA BIEG\u00d3W ISM DSM<\/p>\n<p>STEROWNIKI SKRZY\u0143 BIEG\u00d3W<\/p>\n<p>WSPOMAGANIA KIEROWNICY<\/p>\n<p>Przedmiotem OFERTY jest wycena koszt\u00f3w naprawy<\/p>\n<p>ZOBACZ NASZE INNE AUKCJE, NAJWI\u0118KSZY ASORTYMENT US\u0141UG MERCEDESA CO SWIADCZY O PE\u0141NYM PROFESJONALIZMIE, A DLA KLIENTA 100% JAKO\u015a\u0106I WYKONYWANEJ US\u0141UGI .WI\u0118CEJ INFO TEL 602 45 98 55 tel 517275284<\/p>\n<p>zajmujemy si\u0119 Profesjonalnie napraw\u0105 elektroniki mercedesa , modu\u0142\u00f3w ,sterownik\u00f3w, komputer\u00f3w, takich jak .komputery ,stacyjki, kluczyki,pompy ABS esp , liczniki, blokady, rygle kierownicy , sterowniki poduszek SRS , centralki SAM ,modu\u0142y drzwi , a tag\u017ce kodowaniem kluczy i sterownik\u00f3w oraz inny modu\u0142\u00f3w<\/p>\n","protected":false},"excerpt":{"rendered":"<p>oferta dotyczy naprawy modu\u0142\u00f3w SAM MERCEDES ML W164 &nbsp; SPECJALIZACJA MERCEDES WSZYSTKIE TYPY I MODELE NAPRAWIAMY WSZYSTKIE MODU\u0141Y W JAKIE&hellip;<\/p>\n","protected":false},"featured_media":493,"template":"","meta":[],"_links":{"self":[{"href":"https:\/\/licznik.org\/index.php?rest_route=\/wp\/v2\/product\/489"}],"collection":[{"href":"https:\/\/licznik.org\/index.php?rest_route=\/wp\/v2\/product"}],"about":[{"href":"https:\/\/licznik.org\/index.php?rest_route=\/wp\/v2\/types\/product"}],"wp:featuredmedia":[{"embeddable":true,"href":"https:\/\/licznik.org\/index.php?rest_route=\/wp\/v2\/media\/493"}],"wp:attachment":[{"href":"https:\/\/licznik.org\/index.php?rest_route=%2Fwp%2Fv2%2Fmedia&parent=489"}],"curies":[{"name":"wp","href":"https:\/\/api.w.org\/{rel}","templated":true}]}}