{"id":576,"date":"2020-11-14T14:22:49","date_gmt":"2020-11-14T14:22:49","guid":{"rendered":"http:\/\/licznik.org\/?post_type=product&#038;p=576"},"modified":"2020-11-14T14:22:49","modified_gmt":"2020-11-14T14:22:49","slug":"licznik-zegary-ford-mondeo-convers-naprawa","status":"publish","type":"product","link":"https:\/\/licznik.org\/?product=licznik-zegary-ford-mondeo-convers-naprawa","title":{"rendered":"Licznik Zegary Ford Mondeo Convers  Naprawa"},"content":{"rendered":"<p>NAPRAWIAM WSZYSTKIE LICZNIKI FORDA I USTERKI JAKIE ZDARZAJ\u0104 SI\u0118 W TYCH LICZNIKACH NAWET JAK CO NIEKT\u00d3RZY TWIERDZ\u0104 ZE JEST ROZWARSTWIONA P\u0141YTA G\u0141\u00d3WNA I NIE DA SI\u0118 TEGO NAPRAWI\u0106, DLA NAS TO NIE PROBLEM<\/p>\n<p>LICZNIK FORD S MAX C-MAX MONDEO GALAXY FOCUS KUGA<\/p>\n<p>USTERKI TAKIE JAK NA ZDI\u0118CIACH 1. Z\u0141E DZIA\u0141ANIE WY\u015aWIETLACZA -CZASAMI DZIA\u0141A TYLKO PO\u0141OWA- CZASAMI POPRZERYWANE INFORMACJE 2. OKRESOWE LUB STA\u0141E NIEDZIA\u0141ANIE WSKAZ\u00d3WEK 3 . KOMPLETNY BRAK DZIA\u0141ANIA LICZNIKA 4. LICZNIK POKAZUJE Z\u0141E INFORMACJE ,AUTO TRACI MOC , \u017bLE REAGUJE NA PEDA\u0141 GAZU<\/p>\n<p>I WSZELKIE INNE USTERKI<\/p>\n","protected":false},"excerpt":{"rendered":"<p>NAPRAWIAM WSZYSTKIE LICZNIKI FORDA I USTERKI JAKIE ZDARZAJ\u0104 SI\u0118 W TYCH LICZNIKACH NAWET JAK CO NIEKT\u00d3RZY TWIERDZ\u0104 ZE JEST ROZWARSTWIONA&hellip;<\/p>\n","protected":false},"featured_media":583,"template":"","meta":[],"_links":{"self":[{"href":"https:\/\/licznik.org\/index.php?rest_route=\/wp\/v2\/product\/576"}],"collection":[{"href":"https:\/\/licznik.org\/index.php?rest_route=\/wp\/v2\/product"}],"about":[{"href":"https:\/\/licznik.org\/index.php?rest_route=\/wp\/v2\/types\/product"}],"wp:featuredmedia":[{"embeddable":true,"href":"https:\/\/licznik.org\/index.php?rest_route=\/wp\/v2\/media\/583"}],"wp:attachment":[{"href":"https:\/\/licznik.org\/index.php?rest_route=%2Fwp%2Fv2%2Fmedia&parent=576"}],"curies":[{"name":"wp","href":"https:\/\/api.w.org\/{rel}","templated":true}]}}