{"id":588,"date":"2020-11-14T18:12:34","date_gmt":"2020-11-14T18:12:34","guid":{"rendered":"http:\/\/licznik.org\/?post_type=product&#038;p=588"},"modified":"2020-11-14T18:38:14","modified_gmt":"2020-11-14T18:38:14","slug":"588","status":"publish","type":"product","link":"https:\/\/licznik.org\/?product=588","title":{"rendered":"Licznik Zegary Land Rover Vogue Naprawa"},"content":{"rendered":"<p>OFERTA DOTYCZY NAPRAWY LICZNIKA Land Rover Vogue<\/p>\n<p>Naprawiamy wszelkie usterki \u2013 wy\u015bwietlacze LCD , silniczki , procesory , wskaz\u00f3wki i wszelkie inne usterki<\/p>\n<p>Wymieniamy wy\u015bwietlacze , naprawiamy po\u0142\u0105czenia ta\u015bmy LCD \u2013 jako jedyni profesjonalnie je wklejamy na ta\u015bm\u0119 anizotropow\u0105 \u2013 taka technologia sprawia ze problem kontaktu p\u0142yty g\u0142\u00f3wnej z ta\u015bm\u0105 wy\u015bwietlacza LCD nigdy nie wr\u00f3ci<\/p>\n","protected":false},"excerpt":{"rendered":"<p>OFERTA DOTYCZY NAPRAWY LICZNIKA Land Rover Vogue Naprawiamy wszelkie usterki \u2013 wy\u015bwietlacze LCD , silniczki , procesory , wskaz\u00f3wki i&hellip;<\/p>\n","protected":false},"featured_media":608,"template":"","meta":[],"_links":{"self":[{"href":"https:\/\/licznik.org\/index.php?rest_route=\/wp\/v2\/product\/588"}],"collection":[{"href":"https:\/\/licznik.org\/index.php?rest_route=\/wp\/v2\/product"}],"about":[{"href":"https:\/\/licznik.org\/index.php?rest_route=\/wp\/v2\/types\/product"}],"wp:featuredmedia":[{"embeddable":true,"href":"https:\/\/licznik.org\/index.php?rest_route=\/wp\/v2\/media\/608"}],"wp:attachment":[{"href":"https:\/\/licznik.org\/index.php?rest_route=%2Fwp%2Fv2%2Fmedia&parent=588"}],"curies":[{"name":"wp","href":"https:\/\/api.w.org\/{rel}","templated":true}]}}