{"id":633,"date":"2020-11-14T19:04:31","date_gmt":"2020-11-14T19:04:31","guid":{"rendered":"http:\/\/licznik.org\/?post_type=product&#038;p=633"},"modified":"2020-11-14T19:10:39","modified_gmt":"2020-11-14T19:10:39","slug":"633","status":"publish","type":"product","link":"https:\/\/licznik.org\/?product=633","title":{"rendered":"Licznik Zegray Opel Vectra C  Naprawa"},"content":{"rendered":"<p>NAPRAWIAM WSZYSTKIE USTERKI JAKIE ZDARZAJ\u0104 SI\u0118 W TYCH LICZNIKACH NAWET JAK CO NIE KT\u00d3RZY TWIERDZ\u0104 ZE<\/p>\n<p>JEST ROZWARSTWIONA P\u0141YTA G\u0141\u00d3WNA I NIE DA SI\u0118 TEGO NAPRAWI\u0106, DLA nas\u00a0 TO NIE PROBLEM<\/p>\n<p>USTERKI OPEL VECTRA C<\/p>\n<p>1 LICZNIK WY\u0141ACZA SI\u0118 I W\u0141\u0104CZA<\/p>\n<p>2 LICZNIK RESETUJE SI\u0118<\/p>\n<p>3 INNE<\/p>\n","protected":false},"excerpt":{"rendered":"<p>NAPRAWIAM WSZYSTKIE USTERKI JAKIE ZDARZAJ\u0104 SI\u0118 W TYCH LICZNIKACH NAWET JAK CO NIE KT\u00d3RZY TWIERDZ\u0104 ZE JEST ROZWARSTWIONA P\u0141YTA G\u0141\u00d3WNA&hellip;<\/p>\n","protected":false},"featured_media":636,"template":"","meta":[],"_links":{"self":[{"href":"https:\/\/licznik.org\/index.php?rest_route=\/wp\/v2\/product\/633"}],"collection":[{"href":"https:\/\/licznik.org\/index.php?rest_route=\/wp\/v2\/product"}],"about":[{"href":"https:\/\/licznik.org\/index.php?rest_route=\/wp\/v2\/types\/product"}],"wp:featuredmedia":[{"embeddable":true,"href":"https:\/\/licznik.org\/index.php?rest_route=\/wp\/v2\/media\/636"}],"wp:attachment":[{"href":"https:\/\/licznik.org\/index.php?rest_route=%2Fwp%2Fv2%2Fmedia&parent=633"}],"curies":[{"name":"wp","href":"https:\/\/api.w.org\/{rel}","templated":true}]}}