{"id":752,"date":"2020-11-14T23:17:26","date_gmt":"2020-11-14T23:17:26","guid":{"rendered":"http:\/\/licznik.org\/?post_type=product&#038;p=752"},"modified":"2020-11-14T23:17:27","modified_gmt":"2020-11-14T23:17:27","slug":"stacyjka-blokada-kluczyk-mercedes-b-klasa-w245-naprawa-kodowanie","status":"publish","type":"product","link":"https:\/\/licznik.org\/?product=stacyjka-blokada-kluczyk-mercedes-b-klasa-w245-naprawa-kodowanie","title":{"rendered":"Stacyjka Blokada Kluczyk Mercedes B Klasa W245 Naprawa Kodowanie"},"content":{"rendered":"<div class=\"offer-page__description hyphens\">\n<p>PROFESJONALNA NAPRAWA, KODOWANIE zestawu MERCEDES \u2013\u00a0 STACYJKA ,KLUCZYK, BLOKADA<\/p>\n<p>WSZYSTKIE TYPY I MODELE<\/p>\n<p>SPECJALIZACJA MERCEDES<\/p>\n<p>NAPRAWIAMY WSZYSTKIE MODU\u0141Y W JAKIE S\u0104 WYPOSA\u017bONE AUTA MERCEDESA<\/p>\n<p>NAPRAWA STEROWNIK\u00d3W SKRZY\u0143 BIEG\u00d3W<\/p>\n<p>STEROWNIKI PO NAPRAWIE JAKO JEDYNI ZAMYKAMY TAK ABY NIE DOSZ\u0141O DO PRZECIEKU OLEJU DO NAPYLANEJ HYBRYDY KT\u00d3RY USZKADZA TRWALE STEROWNIK<\/p>\n<p>JAKO JEDYNI STEROWNIKI A KLASA W168 VANEO, NITUJEMY NA TAKIE SAME NITY JAK W ORGINALE WI\u0118C NIEMA MOWY ABY OLEJ PRZEDOSTA\u0141\u00a0 SI\u0118 DO \u015aRODKA STEROWNIKA, GDZIE PO PSEUDOFACHOWCACH I PSEUDO NAPRAWACH TO STANDART ZE PO CZASIE STEROWNIK JEST DO WYRZUCENIA Z POWODU PRZECIEKU OLEJU PRZEK\u0141ADNIOWEGO DO STEROWNIKA<\/p>\n<p>SPECJALIZACJA MERCEDESA \u2013 ZAUFAJ PROFESJONALI\u015aCIE<\/p>\n<p>NA INNYCH MOICH OFERTACH<\/p>\n<\/div>\n<p>NAPRAWA STEROWNIK\u00d3W SKRZY\u0143 BIEG\u00d3W<\/p>\n<p>STEROWNIKI PO NAPRAWIE JAKO JEDYNI ZAMYKAMY TAK ABY NIE DOSZ\u0141O DO PRZECIEKU OLEJU DO NAPYLANEJ HYBRYDY KT\u00d3RY USZKADZA TRWALE STEROWNIK<\/p>\n<p>JAKO JEDYNI STEROWNIKI A KLASA W168 VANEO, NITUJEMY NA TAKIE SAME NITY JAK W ORGINALE WI\u0118C NIEMA MOWY ABY OLEJ PRZEDOSTA\u0141\u00a0 SI\u0118 DO \u015aRODKA STEROWNIKA, GDZIE PO PSEUDOFACHOWCACH I PSEUDO NAPRAWACH TO STANDART ZE PO CZASIE STEROWNIK JEST DO WYRZUCENIA Z POWODU PRZECIEKU OLEJU PRZEK\u0141ADNIOWEGO DO STEROWNIKA<\/p>\n<p>INNE<\/p>\n<div class=\"offer-page__description hyphens\">\n<p>NAPRAWA MODU\u0141U DRZWI<\/p>\n<p>NAPRAWA LICZNIKA<\/p>\n<p>NAPRAWA STEROWNIKA SKRZYNI BIEG\u00d3W<\/p>\n<p>NAPRAWA MODU\u0141U SAM<\/p>\n<p>NAPRAWA\u00a0 STEROWNIKA ABS ESP ESC<\/p>\n<p>NAPRAWA BLOKADY RYGLA KIEROWNICY<\/p>\n<p>W OFERCIE NA INNYCH MOICH AUKCJACH<\/p>\n<p>KOMPUTERY SILNIKA\u00a0 \u00a0 MODU\u0141Y SAM<\/p>\n<p>POMPY ABS ESC<\/p>\n<p>STACYJKI\u00a0 I\u00a0 KLUCZYKI<\/p>\n<p>BLOKADY\u00a0 RYGLE KIEROWNICY<\/p>\n<p>LICZNIKI<\/p>\n<p>MODU\u0141Y WYBIERAKA BIEG\u00d3W\u00a0 ISM DSM<\/p>\n<p>WSPOMAGANIA KIEROWNICY<\/p>\n<p>ZOBACZ NASZE INNE OFERTY, NAJWI\u0118KSZY ASORTYMENT US\u0141UG MERCEDESA CO SWIADCZY O PE\u0141NYM PROFESJONALIZMIE, A DLA KLIENTA 100% JAKO\u015a\u0106I WYKONYWANEJ US\u0141UGI .WI\u0118CEJ INFO TEL 602 45 98 55<\/p>\n<\/div>\n","protected":false},"excerpt":{"rendered":"<p>PROFESJONALNA NAPRAWA, KODOWANIE zestawu MERCEDES \u2013\u00a0 STACYJKA ,KLUCZYK, BLOKADA WSZYSTKIE TYPY I MODELE SPECJALIZACJA MERCEDES NAPRAWIAMY WSZYSTKIE MODU\u0141Y W JAKIE&hellip;<\/p>\n","protected":false},"featured_media":704,"template":"","meta":[],"_links":{"self":[{"href":"https:\/\/licznik.org\/index.php?rest_route=\/wp\/v2\/product\/752"}],"collection":[{"href":"https:\/\/licznik.org\/index.php?rest_route=\/wp\/v2\/product"}],"about":[{"href":"https:\/\/licznik.org\/index.php?rest_route=\/wp\/v2\/types\/product"}],"wp:featuredmedia":[{"embeddable":true,"href":"https:\/\/licznik.org\/index.php?rest_route=\/wp\/v2\/media\/704"}],"wp:attachment":[{"href":"https:\/\/licznik.org\/index.php?rest_route=%2Fwp%2Fv2%2Fmedia&parent=752"}],"curies":[{"name":"wp","href":"https:\/\/api.w.org\/{rel}","templated":true}]}}