{"id":885,"date":"2020-11-15T15:46:37","date_gmt":"2020-11-15T15:46:37","guid":{"rendered":"http:\/\/licznik.org\/?post_type=product&#038;p=885"},"modified":"2020-11-15T15:46:37","modified_gmt":"2020-11-15T15:46:37","slug":"pompa-abs-kia-ceed-58920-1h450-1h589-20250","status":"publish","type":"product","link":"https:\/\/licznik.org\/?product=pompa-abs-kia-ceed-58920-1h450-1h589-20250","title":{"rendered":"Pompa ABS   KIA  Ceed 58920-1H450 1H589-20250"},"content":{"rendered":"<p>POMPA ABS ESC HYUNDAI\u00a0\u00a0 KIA<\/p>\n<p>POSIADAMY WSZYSTKIE TYPY I WSZYSTKIE NUMERY POMP ABS ESC DO HYUNDAI\u00a0 i KIA<\/p>\n<p>kopiuj\u0119, klonuj\u0119 wszystkie pompy czego nie potrafi \u017cadna firma co \u015bwiadczy o moim profesjonali\u017cmie<\/p>\n<p>wszystkie zakupione u nas pompy po moim czyszczeniu automatycznie same si\u0119 dopisuj\u0105 konfiguracyjnie do wyposa\u017cenia auta wi\u0119c nie potrzebujesz dodatkowo wydawa\u0107 kasy warsztatom kt\u00f3re w wi\u0119kszo\u015bci i tak sobie nie poradz\u0105 z zaprogramowaniem do aut<\/p>\n<p>INNE<\/p>\n<p>wszystkie typy i numery<\/p>\n<p>ponadto naprawiam jako jedyny , uszkodzone po\u0142amane pompy<\/p>\n<p>jak r\u00f3wnie\u017c czy\u015bcimy i programujemy i kodujemy wszystkie typy pomp abs za pomoc\u0105 wysy\u0142ki<\/p>\n<p>POMPA ABS mazda 2 3 5 6 cx5 cx9 cx3 .NAPRAWIAMY ,czyszcz\u0119 ,programuj\u0119 .koduj\u0119 u\u017bywane pompy<\/p>\n<p>NAPRAWIAM PO\u0141AMNE i uszkodzone pompy EUROPA jak i USA<\/p>\n<p>R\u00d3WNIE\u017b w ofercie POSIADAM SPRAWNE POMPY<\/p>\n","protected":false},"excerpt":{"rendered":"<p>POMPA ABS ESC HYUNDAI\u00a0\u00a0 KIA POSIADAMY WSZYSTKIE TYPY I WSZYSTKIE NUMERY POMP ABS ESC DO HYUNDAI\u00a0 i KIA kopiuj\u0119, klonuj\u0119&hellip;<\/p>\n","protected":false},"featured_media":884,"template":"","meta":[],"_links":{"self":[{"href":"https:\/\/licznik.org\/index.php?rest_route=\/wp\/v2\/product\/885"}],"collection":[{"href":"https:\/\/licznik.org\/index.php?rest_route=\/wp\/v2\/product"}],"about":[{"href":"https:\/\/licznik.org\/index.php?rest_route=\/wp\/v2\/types\/product"}],"wp:featuredmedia":[{"embeddable":true,"href":"https:\/\/licznik.org\/index.php?rest_route=\/wp\/v2\/media\/884"}],"wp:attachment":[{"href":"https:\/\/licznik.org\/index.php?rest_route=%2Fwp%2Fv2%2Fmedia&parent=885"}],"curies":[{"name":"wp","href":"https:\/\/api.w.org\/{rel}","templated":true}]}}