{"id":975,"date":"2020-11-15T22:18:28","date_gmt":"2020-11-15T22:18:28","guid":{"rendered":"http:\/\/licznik.org\/?post_type=product&#038;p=975"},"modified":"2020-11-18T21:04:53","modified_gmt":"2020-11-18T21:04:53","slug":"przelacznik-zespolony-cim-opel-vectra-c-naprawa","status":"publish","type":"product","link":"https:\/\/licznik.org\/?product=przelacznik-zespolony-cim-opel-vectra-c-naprawa","title":{"rendered":"Prze\u0142\u0105cznik Zespolony Cim  Opel Vectra C  Naprawa"},"content":{"rendered":"<div class=\"offer-page__description hyphens\">\n<p>NAPRAWA KODOWANIE\u00a0 MODUL CIM\u00a0 VECTRA C<\/p>\n<\/div>\n<div class=\"offer-page__description hyphens\">\n<p>VECTRA C SIGNUM<\/p>\n<p>13112784 XR<br \/>\n13132473 GK<br \/>\n13112786 XU<br \/>\n13125074 BS<\/p>\n<p>13204147 UZ<br \/>\n13204146 UY<br \/>\n13132475 GL<\/p>\n<p>13162134 DL<br \/>\n13172135 DM<br \/>\n13165349 EB<br \/>\n13165350 EC<br \/>\n13204145 UX<\/p>\n<p>nieczyta kluczyka . b\u0142\u0119dy IMMOBILAJZERA<\/p>\n<p>b\u0142edy can<\/p>\n<p>RESETOWNIE SI\u0118 LICZNIKA<\/p>\n<p>BRAK MOZLIWO\u015aCI URUCHOMIENIA AUTA &#8211; b\u0142\u0119dy CAN<\/p>\n<p>BRAK ODBIJANIA MANETEK KIERUNKOWSKAZ\u00d3W<\/p>\n<p>Z\u0142e dzia\u0142anie czujnika k\u0105ta skr\u0119tu kierownicy<\/p>\n<p>okresowo resetuj\u0105 si\u0119 zegary i jest brak mo\u017cliwo\u015bci uruchomienia silnka<\/p>\n<p>i wiele innych kt\u00f3re na 100 procent usuniemy<\/p>\n<p>R\u00d3WNIE\u017b JESTE\u015aMY W STANIE ZAKODOWA\u0106 W.W MODU\u0141Y ZA POMOC\u0104 WYSY\u0141KI<\/p>\n<p>Z\u0142e dzia\u0142anie czujnika k\u0105ta skr\u0119tu kierownicy ZAKODOWANIE<\/p>\n<p>Wy\u015bwietla sie kontrolka TC i kierownicy z wykrzyknikiem ZAKODOWANIE<\/p>\n<p>I INNE<\/p>\n<p>Na napraw\u0119 udzielamy 12 miesi\u0119cznej pisemnej Gwawancji.<\/p>\n<p>ZOBACZ NASZE INNE oferty, NAJWI\u0118KSZY ASORTYMENT US\u0141UG CO SWIADCZY O PE\u0141NYM PROFESJONALIZMIE, A DLA KLIENTA 100% JAKO\u015a\u0106I WYKONYWANEJ US\u0141UGI .WI\u0118CEJ INFO TEL 602 45 98 55 .<\/p>\n<\/div>\n","protected":false},"excerpt":{"rendered":"<p>NAPRAWA KODOWANIE\u00a0 MODUL CIM\u00a0 VECTRA C VECTRA C SIGNUM 13112784 XR 13132473 GK 13112786 XU 13125074 BS 13204147 UZ 13204146&hellip;<\/p>\n","protected":false},"featured_media":980,"template":"","meta":[],"_links":{"self":[{"href":"https:\/\/licznik.org\/index.php?rest_route=\/wp\/v2\/product\/975"}],"collection":[{"href":"https:\/\/licznik.org\/index.php?rest_route=\/wp\/v2\/product"}],"about":[{"href":"https:\/\/licznik.org\/index.php?rest_route=\/wp\/v2\/types\/product"}],"wp:featuredmedia":[{"embeddable":true,"href":"https:\/\/licznik.org\/index.php?rest_route=\/wp\/v2\/media\/980"}],"wp:attachment":[{"href":"https:\/\/licznik.org\/index.php?rest_route=%2Fwp%2Fv2%2Fmedia&parent=975"}],"curies":[{"name":"wp","href":"https:\/\/api.w.org\/{rel}","templated":true}]}}