{"id":996,"date":"2020-11-18T21:21:07","date_gmt":"2020-11-18T21:21:07","guid":{"rendered":"http:\/\/licznik.org\/?post_type=product&#038;p=996"},"modified":"2020-11-18T21:21:07","modified_gmt":"2020-11-18T21:21:07","slug":"licznik-zegray-opel-frontera-naprawa","status":"publish","type":"product","link":"https:\/\/licznik.org\/?product=licznik-zegray-opel-frontera-naprawa","title":{"rendered":"Licznik Zegray Opel Frontera Naprawa"},"content":{"rendered":"<p>NAPRAWIAM WSZYSTKIE USTERKI JAKIE ZDARZAJ\u0104 SI\u0118 W TYCH LICZNIKACH NAWET JAK CO NIE KT\u00d3RZY TWIERDZ\u0104 ZE<\/p>\n<p>JEST ROZWARSTWIONA P\u0141YTA G\u0141\u00d3WNA I NIE DA SI\u0118 TEGO NAPRAWI\u0106, DLA MNIE TO NIE PROBLEM<\/p>\n<p>usterki OPEL FRONTERA<\/p>\n<p>0.po przekreceniu pokr\u0119t\u0142a od swiate\u0142 jest r\u00f3znorodna reakcja na licznku ,niekiedy jest martwy, niekiedy resetuje si\u0119, \u015bwieci tylko podswietlenie<\/p>\n<p>1. licznik w\u0142acza si\u0119 i wy\u0142acza resetuje si\u0119 6 \u017cle dzia\u0142a ma\u0142y wyswietlacz od przebiegu<\/p>\n<p>2. zle lub nie dzia\u0142a predko\u015bciomierz 7<\/p>\n<p>3 zle lub nie dzia\u0142a obrotosciomierz<\/p>\n<p>4.zle lub nie dzia\u0142a wsk. wody<\/p>\n<p>5.zle lub nie dzia\u0142a wsk. paliwa<\/p>\n<p>i inne<\/p>\n","protected":false},"excerpt":{"rendered":"<p>NAPRAWIAM WSZYSTKIE USTERKI JAKIE ZDARZAJ\u0104 SI\u0118 W TYCH LICZNIKACH NAWET JAK CO NIE KT\u00d3RZY TWIERDZ\u0104 ZE JEST ROZWARSTWIONA P\u0141YTA G\u0141\u00d3WNA&hellip;<\/p>\n","protected":false},"featured_media":631,"template":"","meta":[],"_links":{"self":[{"href":"https:\/\/licznik.org\/index.php?rest_route=\/wp\/v2\/product\/996"}],"collection":[{"href":"https:\/\/licznik.org\/index.php?rest_route=\/wp\/v2\/product"}],"about":[{"href":"https:\/\/licznik.org\/index.php?rest_route=\/wp\/v2\/types\/product"}],"wp:featuredmedia":[{"embeddable":true,"href":"https:\/\/licznik.org\/index.php?rest_route=\/wp\/v2\/media\/631"}],"wp:attachment":[{"href":"https:\/\/licznik.org\/index.php?rest_route=%2Fwp%2Fv2%2Fmedia&parent=996"}],"curies":[{"name":"wp","href":"https:\/\/api.w.org\/{rel}","templated":true}]}}